{"id":1786,"date":"2023-06-21T15:26:14","date_gmt":"2023-06-21T13:26:14","guid":{"rendered":"https:\/\/trialys.com\/?page_id=1786"},"modified":"2023-07-27T14:58:38","modified_gmt":"2023-07-27T12:58:38","slug":"carriere","status":"publish","type":"page","link":"https:\/\/trialys.com\/fr\/carriere\/","title":{"rendered":"Carri\u00e8re"},"content":{"rendered":"\t\t<div data-elementor-type=\"wp-post\" data-elementor-id=\"1786\" class=\"elementor elementor-1786 elementor-1785\">\n\t\t\t\t\t\t<section class=\"elementor-section elementor-top-section elementor-element elementor-element-ffd640f elementor-section-height-min-height elementor-section-boxed elementor-section-height-default elementor-section-items-middle\" data-id=\"ffd640f\" data-element_type=\"section\" data-e-type=\"section\">\n\t\t\t\t\t\t<div class=\"elementor-container elementor-column-gap-default\">\n\t\t\t\t\t<div class=\"elementor-column elementor-col-100 elementor-top-column elementor-element elementor-element-2c23732\" data-id=\"2c23732\" data-element_type=\"column\" data-e-type=\"column\">\n\t\t\t<div class=\"elementor-widget-wrap elementor-element-populated\">\n\t\t\t\t\t\t<div class=\"elementor-element elementor-element-add1f15 elementor-widget__width-initial elementor-widget-tablet__width-inherit elementor-widget elementor-widget-html\" data-id=\"add1f15\" data-element_type=\"widget\" data-e-type=\"widget\" data-widget_type=\"html.default\">\n\t\t\t\t<div class=\"elementor-widget-container\">\n\t\t\t\t\t<video class=\"elementor-video\" src=\"\/wp-content\/uploads\/team.m4v\" autoplay=\"\" loop=\"\" playsinline=\"\" muted=\"muted\" controlslist=\"nodownload\"><\/video>\t\t\t\t<\/div>\n\t\t\t\t<\/div>\n\t\t\t\t\t<\/div>\n\t\t<\/div>\n\t\t\t\t\t<\/div>\n\t\t<\/section>\n\t\t\t\t<section class=\"elementor-section elementor-top-section elementor-element elementor-element-7253a502 elementor-section-boxed elementor-section-height-default elementor-section-height-default\" data-id=\"7253a502\" data-element_type=\"section\" data-e-type=\"section\">\n\t\t\t\t\t\t<div class=\"elementor-container elementor-column-gap-default\">\n\t\t\t\t\t<div class=\"elementor-column elementor-col-100 elementor-top-column elementor-element elementor-element-17f4a7e6\" data-id=\"17f4a7e6\" data-element_type=\"column\" data-e-type=\"column\">\n\t\t\t<div class=\"elementor-widget-wrap elementor-element-populated\">\n\t\t\t\t\t\t<section class=\"elementor-section elementor-inner-section elementor-element elementor-element-ccc5f35 elementor-section-full_width elementor-section-height-default elementor-section-height-default\" data-id=\"ccc5f35\" data-element_type=\"section\" data-e-type=\"section\">\n\t\t\t\t\t\t<div class=\"elementor-container elementor-column-gap-default\">\n\t\t\t\t\t<div class=\"elementor-column elementor-col-50 elementor-inner-column elementor-element elementor-element-0686730\" data-id=\"0686730\" data-element_type=\"column\" data-e-type=\"column\" data-settings=\"{&quot;background_background&quot;:&quot;slideshow&quot;,&quot;background_slideshow_gallery&quot;:[{&quot;id&quot;:1288,&quot;url&quot;:&quot;http:\\\/\\\/trialys.com\\\/wp-content\\\/uploads\\\/Arthur-Forever-scaled.jpg&quot;}],&quot;background_slideshow_loop&quot;:&quot;yes&quot;,&quot;background_slideshow_slide_duration&quot;:5000,&quot;background_slideshow_slide_transition&quot;:&quot;fade&quot;,&quot;background_slideshow_transition_duration&quot;:500}\">\n\t\t\t<div class=\"elementor-widget-wrap\">\n\t\t\t\t\t\t\t<\/div>\n\t\t<\/div>\n\t\t\t\t<div class=\"elementor-column elementor-col-50 elementor-inner-column elementor-element elementor-element-ae0cbda\" data-id=\"ae0cbda\" data-element_type=\"column\" data-e-type=\"column\">\n\t\t\t<div class=\"elementor-widget-wrap elementor-element-populated\">\n\t\t\t\t\t\t<div class=\"elementor-element elementor-element-13cffe00 elementor-widget elementor-widget-heading\" data-id=\"13cffe00\" data-element_type=\"widget\" data-e-type=\"widget\" data-widget_type=\"heading.default\">\n\t\t\t\t<div class=\"elementor-widget-container\">\n\t\t\t\t\t<h1 class=\"elementor-heading-title elementor-size-default\">Carri\u00e8re<\/h1>\t\t\t\t<\/div>\n\t\t\t\t<\/div>\n\t\t\t\t<div class=\"elementor-element elementor-element-e42405b elementor-widget__width-initial elementor-widget elementor-widget-text-editor\" data-id=\"e42405b\" data-element_type=\"widget\" data-e-type=\"widget\" data-widget_type=\"text-editor.default\">\n\t\t\t\t<div class=\"elementor-widget-container\">\n\t\t\t\t\t\t\t\t\t<p>Trialys recherche en permanence des avocats talentueux et motiv\u00e9s pour rejoindre son \u00e9quipe.<\/p>\n<p>Vous \u00eates sur le point d&rsquo;obtenir votre dipl\u00f4me ou vous \u00eates un avocat exp\u00e9riment\u00e9 d\u00e9sireux de travailler dans un environnement stimulant ?<\/p>\n<p>Envoyez-nous votre CV et votre lettre de motivation. Nous serions ravis de vous rencontrer !<\/p>\n\t\t\t\t\t\t\t\t<\/div>\n\t\t\t\t<\/div>\n\t\t\t\t\t<\/div>\n\t\t<\/div>\n\t\t\t\t\t<\/div>\n\t\t<\/section>\n\t\t\t\t\t<\/div>\n\t\t<\/div>\n\t\t\t\t\t<\/div>\n\t\t<\/section>\n\t\t\t\t<section class=\"elementor-section elementor-top-section elementor-element elementor-element-6eb7b17 elementor-section-boxed elementor-section-height-default elementor-section-height-default\" data-id=\"6eb7b17\" data-element_type=\"section\" data-e-type=\"section\">\n\t\t\t\t\t\t<div class=\"elementor-container elementor-column-gap-default\">\n\t\t\t\t\t<div class=\"elementor-column elementor-col-100 elementor-top-column elementor-element elementor-element-b0bb773\" data-id=\"b0bb773\" data-element_type=\"column\" data-e-type=\"column\">\n\t\t\t<div class=\"elementor-widget-wrap elementor-element-populated\">\n\t\t\t\t\t\t<div class=\"elementor-element elementor-element-f335e79 elementor-widget elementor-widget-heading\" data-id=\"f335e79\" data-element_type=\"widget\" data-e-type=\"widget\" data-widget_type=\"heading.default\">\n\t\t\t\t<div class=\"elementor-widget-container\">\n\t\t\t\t\t<h2 class=\"elementor-heading-title elementor-size-default\">Nos derni\u00e8res offres<\/h2>\t\t\t\t<\/div>\n\t\t\t\t<\/div>\n\t\t\t\t<div class=\"elementor-element elementor-element-90f2742 elementor-posts--align-left elementor-grid-3 elementor-grid-tablet-2 elementor-grid-mobile-1 elementor-posts--thumbnail-top elementor-widget elementor-widget-posts\" data-id=\"90f2742\" data-element_type=\"widget\" data-e-type=\"widget\" data-settings=\"{&quot;classic_columns&quot;:&quot;3&quot;,&quot;classic_columns_tablet&quot;:&quot;2&quot;,&quot;classic_columns_mobile&quot;:&quot;1&quot;,&quot;classic_row_gap&quot;:{&quot;unit&quot;:&quot;px&quot;,&quot;size&quot;:35,&quot;sizes&quot;:[]},&quot;classic_row_gap_tablet&quot;:{&quot;unit&quot;:&quot;px&quot;,&quot;size&quot;:&quot;&quot;,&quot;sizes&quot;:[]},&quot;classic_row_gap_mobile&quot;:{&quot;unit&quot;:&quot;px&quot;,&quot;size&quot;:&quot;&quot;,&quot;sizes&quot;:[]}}\" data-widget_type=\"posts.classic\">\n\t\t\t\t<div class=\"elementor-widget-container\">\n\t\t\t\t\t\t\t<div class=\"elementor-posts-container elementor-posts elementor-posts--skin-classic elementor-grid\">\n\t\t\t\t<article class=\"elementor-post elementor-grid-item post-1850 career type-career status-publish format-standard hentry\">\n\t\t\t\t<div class=\"elementor-post__text\">\n\t\t\t\t<h3 class=\"elementor-post__title\">\n\t\t\t<a href=\"https:\/\/trialys.com\/fr\/career\/trialys-recrute-une-collaborateur-trice\/\" >\n\t\t\t\tTrialys recrute un(e) collaborateur\/trice\t\t\t<\/a>\n\t\t<\/h3>\n\t\t\t\t<div class=\"elementor-post__meta-data\">\n\t\t\t\t\t<span class=\"elementor-post-date\">\n\t\t\t27 juillet 2023\t\t<\/span>\n\t\t\t\t<\/div>\n\t\t\t\t<div class=\"elementor-post__excerpt\">\n\t\t\t<p>Trialys est une \u00e9tude d\u2019avocats \u00e9tablie \u00e0 Luxembourg-Ville et \u00e0 Bruxelles active dans les domaines du contentieux et du droit des affaires. La taille de<\/p>\n\t\t<\/div>\n\t\t\n\t\t<a class=\"elementor-post__read-more\" href=\"https:\/\/trialys.com\/fr\/career\/trialys-recrute-une-collaborateur-trice\/\" >\n\t\t\tEn savoir plus \u00bb\t\t<\/a>\n\n\t\t\t\t<\/div>\n\t\t\t\t<\/article>\n\t\t\t\t<\/div>\n\n\n\t\t\n\t\t\t\t\t\t<\/div>\n\t\t\t\t<\/div>\n\t\t\t\t<div class=\"elementor-element elementor-element-c974b22 elementor-widget__width-inherit elementor-cta--skin-classic elementor-animated-content elementor-bg-transform elementor-bg-transform-zoom-in elementor-widget elementor-widget-call-to-action\" data-id=\"c974b22\" data-element_type=\"widget\" data-e-type=\"widget\" data-widget_type=\"call-to-action.default\">\n\t\t\t\t<div class=\"elementor-widget-container\">\n\t\t\t\t\t\t\t<div class=\"elementor-cta\">\n\t\t\t\t\t\t\t<div class=\"elementor-cta__content\">\n\t\t\t\t\n\t\t\t\t<h3 class=\"elementor-cta__title elementor-cta__content-item elementor-content-item\">Vous n'avez pas trouv\u00e9 l'offre de vos r\u00eaves ? Faites-nous part de vos talents !<\/h3>\n\t\t\t\t\t\t\t\t\t<div class=\"elementor-cta__description elementor-cta__content-item elementor-content-item\">\n\t\t\t\t\t\t<p>Contactez notre bureau par e-mail, en joignant votre CV.<\/p>\n\t\t\t\t\t<\/div>\n\t\t\t\t\n\t\t\t\t\t\t\t\t\t<div class=\"elementor-cta__button-wrapper elementor-cta__content-item elementor-content-item \">\n\t\t\t\t\t<a class=\"elementor-cta__button elementor-button elementor-size-md\" href=\"mailto:info@trialys.com\">\n\t\t\t\t\t\tContactez-nous\t\t\t\t\t<\/a>\n\t\t\t\t\t<\/div>\n\t\t\t\t\t\t\t<\/div>\n\t\t\t\t\t\t<\/div>\n\t\t\t\t\t\t<\/div>\n\t\t\t\t<\/div>\n\t\t\t\t\t<\/div>\n\t\t<\/div>\n\t\t\t\t\t<\/div>\n\t\t<\/section>\n\t\t\t\t<\/div>\n\t\t","protected":false},"excerpt":{"rendered":"<p>Trialys recherche en permanence des avocats talentueux et motiv\u00e9s pour rejoindre son \u00e9quipe. Vous \u00eates sur le point d&rsquo;obtenir votre dipl\u00f4me ou vous \u00eates un avocat exp\u00e9riment\u00e9 d\u00e9sireux de travailler dans un environnement stimulant ? Envoyez-nous votre CV et votre lettre de motivation. Nous serions ravis de vous rencontrer ! Nos derni\u00e8res offres Vous n&rsquo;avez [&hellip;]<\/p>\n","protected":false},"author":7,"featured_media":0,"parent":0,"menu_order":0,"comment_status":"closed","ping_status":"closed","template":"elementor_header_footer","meta":{"_acf_changed":false,"inline_featured_image":false,"_exactmetrics_skip_tracking":false,"_exactmetrics_sitenote_active":false,"_exactmetrics_sitenote_note":"","_exactmetrics_sitenote_category":0,"footnotes":""},"class_list":["post-1786","page","type-page","status-publish","hentry"],"acf":[],"_links":{"self":[{"href":"https:\/\/trialys.com\/fr\/wp-json\/wp\/v2\/pages\/1786","targetHints":{"allow":["GET"]}}],"collection":[{"href":"https:\/\/trialys.com\/fr\/wp-json\/wp\/v2\/pages"}],"about":[{"href":"https:\/\/trialys.com\/fr\/wp-json\/wp\/v2\/types\/page"}],"author":[{"embeddable":true,"href":"https:\/\/trialys.com\/fr\/wp-json\/wp\/v2\/users\/7"}],"replies":[{"embeddable":true,"href":"https:\/\/trialys.com\/fr\/wp-json\/wp\/v2\/comments?post=1786"}],"version-history":[{"count":3,"href":"https:\/\/trialys.com\/fr\/wp-json\/wp\/v2\/pages\/1786\/revisions"}],"predecessor-version":[{"id":1844,"href":"https:\/\/trialys.com\/fr\/wp-json\/wp\/v2\/pages\/1786\/revisions\/1844"}],"wp:attachment":[{"href":"https:\/\/trialys.com\/fr\/wp-json\/wp\/v2\/media?parent=1786"}],"curies":[{"name":"wp","href":"https:\/\/api.w.org\/{rel}","templated":true}]}}