{"id":733,"date":"2019-07-27T18:43:57","date_gmt":"2019-07-27T16:43:57","guid":{"rendered":"http:\/\/dev.trialys.com\/accueil\/"},"modified":"2023-08-14T09:53:33","modified_gmt":"2023-08-14T07:53:33","slug":"accueil","status":"publish","type":"page","link":"https:\/\/trialys.com\/fr\/","title":{"rendered":"Accueil"},"content":{"rendered":"\t\t<div data-elementor-type=\"wp-post\" data-elementor-id=\"733\" class=\"elementor elementor-733 elementor-5\">\n\t\t\t\t\t\t<section class=\"elementor-section elementor-top-section elementor-element elementor-element-98c1143 elementor-section-height-min-height elementor-section-full_width elementor-section-height-default elementor-section-items-middle\" data-id=\"98c1143\" data-element_type=\"section\" data-e-type=\"section\">\n\t\t\t\t\t\t<div class=\"elementor-container elementor-column-gap-no\">\n\t\t\t\t\t<div class=\"elementor-column elementor-col-100 elementor-top-column elementor-element elementor-element-e545e87\" data-id=\"e545e87\" data-element_type=\"column\" data-e-type=\"column\">\n\t\t\t<div class=\"elementor-widget-wrap elementor-element-populated\">\n\t\t\t\t\t\t<div class=\"elementor-element elementor-element-6ea0ae5 elementor-widget__width-initial elementor-widget-tablet__width-inherit elementor-widget elementor-widget-html\" data-id=\"6ea0ae5\" data-element_type=\"widget\" data-e-type=\"widget\" data-widget_type=\"html.default\">\n\t\t\t\t<div class=\"elementor-widget-container\">\n\t\t\t\t\t<video class=\"elementor-video\" src=\"\/wp-content\/uploads\/globe-v11.m4v\" autoplay=\"\" loop=\"\" playsinline=\"\" muted=\"muted\" controlslist=\"nodownload\"><\/video>\t\t\t\t<\/div>\n\t\t\t\t<\/div>\n\t\t\t\t\t<\/div>\n\t\t<\/div>\n\t\t\t\t\t<\/div>\n\t\t<\/section>\n\t\t\t\t<section class=\"elementor-section elementor-top-section elementor-element elementor-element-22aafed elementor-section-boxed elementor-section-height-default elementor-section-height-default\" data-id=\"22aafed\" data-element_type=\"section\" data-e-type=\"section\">\n\t\t\t\t\t\t<div class=\"elementor-container elementor-column-gap-default\">\n\t\t\t\t\t<div class=\"elementor-column elementor-col-100 elementor-top-column elementor-element elementor-element-cf46e98\" data-id=\"cf46e98\" data-element_type=\"column\" data-e-type=\"column\">\n\t\t\t<div class=\"elementor-widget-wrap elementor-element-populated\">\n\t\t\t\t\t\t<div class=\"elementor-element elementor-element-3b9ceeb elementor-widget elementor-widget-heading\" data-id=\"3b9ceeb\" data-element_type=\"widget\" data-e-type=\"widget\" data-widget_type=\"heading.default\">\n\t\t\t\t<div class=\"elementor-widget-container\">\n\t\t\t\t\t<h1 class=\"elementor-heading-title elementor-size-default\">Qui sommes nous<\/h1>\t\t\t\t<\/div>\n\t\t\t\t<\/div>\n\t\t\t\t<section class=\"elementor-section elementor-inner-section elementor-element elementor-element-c84b623 elementor-section-height-min-height elementor-section-boxed elementor-section-height-default\" data-id=\"c84b623\" data-element_type=\"section\" data-e-type=\"section\">\n\t\t\t\t\t\t<div class=\"elementor-container elementor-column-gap-default\">\n\t\t\t\t\t<div class=\"elementor-column elementor-col-100 elementor-inner-column elementor-element elementor-element-d4c3479\" data-id=\"d4c3479\" data-element_type=\"column\" data-e-type=\"column\">\n\t\t\t<div class=\"elementor-widget-wrap elementor-element-populated\">\n\t\t\t\t\t\t<div class=\"elementor-element elementor-element-6f6dfa6 elementor-widget elementor-widget-eael-adv-tabs\" data-id=\"6f6dfa6\" data-element_type=\"widget\" data-e-type=\"widget\" data-widget_type=\"eael-adv-tabs.default\">\n\t\t\t\t<div class=\"elementor-widget-container\">\n\t\t\t\t\t        <div data-scroll-on-click=\"no\" data-scroll-speed=\"300\" id=\"eael-advance-tabs-6f6dfa6\" class=\"eael-advance-tabs eael-tabs-horizontal eael-tab-auto-active  active-caret-on\" data-tabid=\"6f6dfa6\">\n            <div class=\"eael-tabs-nav \">\n                <ul class=\"eael-tab-inline-icon\" role=\"tablist\">\n                                            <li id=\"notre-cabinet\" class=\"inactive eael-tab-item-trigger eael-tab-nav-item\" aria-selected=\"true\" data-tab=\"1\" role=\"tab\" tabindex=\"0\" aria-controls=\"notre-cabinet-tab\" aria-expanded=\"false\">\n                            \n                                                                <svg xmlns=\"http:\/\/www.w3.org\/2000\/svg\" xmlns:xlink=\"http:\/\/www.w3.org\/1999\/xlink\" x=\"0px\" y=\"0px\" viewBox=\"0 0 220 220\" style=\"enable-background:new 0 0 220 220;\" xml:space=\"preserve\"><path class=\"icon\" d=\"M170.01,111c0,2.31-0.88,4.62-2.64,6.38l-99.98,99.98c-3.52,3.52-9.23,3.52-12.76,0  c-3.52-3.52-3.52-9.23,0-12.76l93.6-93.6l-95.6-95.6c-3.52-3.52-3.52-9.23,0-12.76c3.52-3.52,9.23-3.52,12.76,0l101.98,101.98  C169.13,106.38,170.01,108.69,170.01,111z\"><\/path><\/svg>                                                            \n                                                            <span class=\"eael-tab-title title-after-icon\" >Notre cabinet<\/span>                            \n                                                    <\/li>\n                                            <li id=\"notre-approche\" class=\"inactive eael-tab-item-trigger eael-tab-nav-item\" aria-selected=\"false\" data-tab=\"2\" role=\"tab\" tabindex=\"-1\" aria-controls=\"notre-approche-tab\" aria-expanded=\"false\">\n                            \n                                                                <svg xmlns=\"http:\/\/www.w3.org\/2000\/svg\" xmlns:xlink=\"http:\/\/www.w3.org\/1999\/xlink\" x=\"0px\" y=\"0px\" viewBox=\"0 0 220 220\" style=\"enable-background:new 0 0 220 220;\" xml:space=\"preserve\"><path class=\"icon\" d=\"M170.01,111c0,2.31-0.88,4.62-2.64,6.38l-99.98,99.98c-3.52,3.52-9.23,3.52-12.76,0  c-3.52-3.52-3.52-9.23,0-12.76l93.6-93.6l-95.6-95.6c-3.52-3.52-3.52-9.23,0-12.76c3.52-3.52,9.23-3.52,12.76,0l101.98,101.98  C169.13,106.38,170.01,108.69,170.01,111z\"><\/path><\/svg>                                                            \n                                                            <span class=\"eael-tab-title title-after-icon\" >Notre approche<\/span>                            \n                                                    <\/li>\n                                            <li id=\"nos-valeurs\" class=\"inactive eael-tab-item-trigger eael-tab-nav-item\" aria-selected=\"false\" data-tab=\"3\" role=\"tab\" tabindex=\"-1\" aria-controls=\"nos-valeurs-tab\" aria-expanded=\"false\">\n                            \n                                                                <svg xmlns=\"http:\/\/www.w3.org\/2000\/svg\" xmlns:xlink=\"http:\/\/www.w3.org\/1999\/xlink\" x=\"0px\" y=\"0px\" viewBox=\"0 0 220 220\" style=\"enable-background:new 0 0 220 220;\" xml:space=\"preserve\"><path class=\"icon\" d=\"M170.01,111c0,2.31-0.88,4.62-2.64,6.38l-99.98,99.98c-3.52,3.52-9.23,3.52-12.76,0  c-3.52-3.52-3.52-9.23,0-12.76l93.6-93.6l-95.6-95.6c-3.52-3.52-3.52-9.23,0-12.76c3.52-3.52,9.23-3.52,12.76,0l101.98,101.98  C169.13,106.38,170.01,108.69,170.01,111z\"><\/path><\/svg>                                                            \n                                                            <span class=\"eael-tab-title title-after-icon\" >Nos valeurs<\/span>                            \n                                                    <\/li>\n                    \n                                  <\/ul>\n            <\/div>\n            \n            <div class=\"eael-tabs-content\">\n\t\t        \n                    <div id=\"notre-cabinet-tab\" class=\"clearfix eael-tab-content-item inactive\" data-title-link=\"notre-cabinet-tab\">\n\t\t\t\t        <p><span style=\"color: #f5a610\">TRIALYS<\/span> \u2013 Notre cabinet d\u2019avocats est sp\u00e9cialis\u00e9 en droit des affaires.<\/p>\n<p>Pr\u00e9sents au Luxembourg et \u00e0 Bruxelles depuis 2015, nous mettons nos comp\u00e9tences au service de nos clients, soci\u00e9t\u00e9s, entrepreneurs et\/ou investisseurs, tant en Europe que dans le reste du monde gr\u00e2ce \u00e0 un r\u00e9seau international solide.<\/p>\n<p>Notre politique consiste \u00e0 offrir des services en tous points comparables \u00e0 ceux des plus grands cabinets avec la particularit\u00e9 de proposer la personnalisation et la souplesse propres aux structures de dimension plus humaine.<\/p>\n<p>Ce fonctionnement repose sur l\u2019extr\u00eame compl\u00e9mentarit\u00e9 des comp\u00e9tences de nos avocats.<\/p>\n<p><span style=\"color: #f5a610\">MISSION<\/span> \u2013 Notre mission principale est d\u2019offrir \u00e0 nos clients un soutien juridique global, focalis\u00e9 sur la r\u00e9alisation de leurs objectifs tant \u00e9conomiques que commerciaux. A cette fin, nous combinons notre expertise juridique avec une solide exp\u00e9rience du conseil et du contentieux en droit des soci\u00e9t\u00e9s et en droit financier ainsi qu\u2019un engagement ind\u00e9fectible envers les besoins et les projets de nos clients.<\/p>\n<p>Pour plus de d\u00e9tails sur nos activit\u00e9s, consultez l\u2019onglet \u00ab\u00a0<a href=\"https:\/\/trialys.com\/fr\/domaines-de-competences\/?lang=fr\">Domaines de comp\u00e9tences<\/a>\u00a0\u00bb<\/p>\n                    <\/div>\n\t\t        \n                    <div id=\"notre-approche-tab\" class=\"clearfix eael-tab-content-item inactive\" data-title-link=\"notre-approche-tab\">\n\t\t\t\t        <p><span style=\"color: #f5a610\">COLLABORATION<\/span> \u2013 La force de notre engagement envers nos clients s\u2019exprime par une collaboration \u00e9troite et continue qui constitue le pilier de notre structure. Comprendre pleinement leurs activit\u00e9s et leurs besoins sp\u00e9cifiques pour y r\u00e9pondre de mani\u00e8re ad\u00e9quate au travers de communications claires en est le corollaire. Notre m\u00e9thode de travail transparente et directe nous permet d\u2019arriver rapidement au c\u0153ur des probl\u00e8mes et de parvenir aux solutions juridiques les plus favorables \u00e0 nos interlocuteurs.<\/p>\n                    <\/div>\n\t\t        \n                    <div id=\"nos-valeurs-tab\" class=\"clearfix eael-tab-content-item inactive\" data-title-link=\"nos-valeurs-tab\">\n\t\t\t\t        <p><span style=\"color: #f5a610\">COMP\u00c9TENCE APPROFONDIE<\/span> \u2013 Nos associ\u00e9s disposent d\u2019une expertise en droit des soci\u00e9t\u00e9s acquise au fil d\u2019exp\u00e9riences ant\u00e9rieures au sein de structures renomm\u00e9es. Cumul\u00e9es, ces comp\u00e9tences nourrissent un savoir-faire de premier ordre permettant de comprendre tous les enjeux inh\u00e9rents aux op\u00e9rations complexes du droit des affaires et de r\u00e9soudre ad\u00e9quatement les probl\u00e8mes juridiques les plus pointus rencontr\u00e9s par nos clients.<\/p>\n<p><span style=\"color: #f5a610\">VISION INTERNATIONALE<\/span> \u2013 Notre client\u00e8le est majoritairement compos\u00e9e de soci\u00e9t\u00e9s \u00e9trang\u00e8res \u00e9tablies en Belgique ou au Luxembourg et de soci\u00e9t\u00e9s locales op\u00e9rant ou ayant des projets de d\u00e9veloppement \u00e0 l\u2019\u00e9tranger. Notre exp\u00e9rience internationale et notre participation \u00e0 divers r\u00e9seaux internationaux d\u2019avocats nous permettent de fournir \u00e0 ces soci\u00e9t\u00e9s des services et des solutions adapt\u00e9es \u00e0 leurs besoins.<\/p>\n<p><span style=\"color: #f5a610\">RELATION FORTE AVEC NOS CLIENTS<\/span> \u2013 Nous nous pr\u00e9valons de relations solides d\u00e9velopp\u00e9es sur le long terme avec nos clients. Nous nous positionnons r\u00e9solument comme des partenaires agissant dans le meilleur int\u00e9r\u00eat de nos clients gr\u00e2ce \u00e0 une compr\u00e9hension pr\u00e9cise et av\u00e9r\u00e9e de leurs activit\u00e9s. Nous nous effor\u00e7ons de d\u00e9velopper des relations de travail robustes en adoptant un style de travail personnalis\u00e9, proactif ainsi qu\u2019une confiance mutuelle propice au traitement optimal des dossiers.<\/p>\n<p><span style=\"color: #f5a610\">APPROCHE INNOVANTE<\/span> \u2013 Nous recherchons la mise en place d\u2019outils et de syst\u00e8mes innovants afin d\u2019am\u00e9liorer la qualit\u00e9 de nos services. Loin de n\u00e9gliger le caract\u00e8re humain que nous souhaitons voir pr\u00e9valoir dans nos relations, nous estimons qu\u2019un usage r\u00e9fl\u00e9chi des nouvelles technologies peut faciliter et am\u00e9liorer les rapports avec nos clients et le traitement de leurs dossiers.<\/p>\n                    <\/div>\n\t\t                    <\/div>\n        <\/div>\n\t\t\t\t<\/div>\n\t\t\t\t<\/div>\n\t\t\t\t\t<\/div>\n\t\t<\/div>\n\t\t\t\t\t<\/div>\n\t\t<\/section>\n\t\t\t\t\t<\/div>\n\t\t<\/div>\n\t\t\t\t\t<\/div>\n\t\t<\/section>\n\t\t\t\t<\/div>\n\t\t","protected":false},"excerpt":{"rendered":"<p>Qui sommes nous Notre cabinet Notre approche Nos valeurs TRIALYS \u2013 Notre cabinet d\u2019avocats est sp\u00e9cialis\u00e9 en droit des affaires. Pr\u00e9sents au Luxembourg et \u00e0 Bruxelles depuis 2015, nous mettons nos comp\u00e9tences au service de nos clients, soci\u00e9t\u00e9s, entrepreneurs et\/ou investisseurs, tant en Europe que dans le reste du monde gr\u00e2ce \u00e0 un r\u00e9seau international [&hellip;]<\/p>\n","protected":false},"author":5,"featured_media":0,"parent":0,"menu_order":0,"comment_status":"closed","ping_status":"closed","template":"elementor_header_footer","meta":{"_acf_changed":false,"inline_featured_image":false,"_exactmetrics_skip_tracking":false,"_exactmetrics_sitenote_active":false,"_exactmetrics_sitenote_note":"","_exactmetrics_sitenote_category":0,"footnotes":""},"class_list":["post-733","page","type-page","status-publish","hentry"],"acf":[],"_links":{"self":[{"href":"https:\/\/trialys.com\/fr\/wp-json\/wp\/v2\/pages\/733","targetHints":{"allow":["GET"]}}],"collection":[{"href":"https:\/\/trialys.com\/fr\/wp-json\/wp\/v2\/pages"}],"about":[{"href":"https:\/\/trialys.com\/fr\/wp-json\/wp\/v2\/types\/page"}],"author":[{"embeddable":true,"href":"https:\/\/trialys.com\/fr\/wp-json\/wp\/v2\/users\/5"}],"replies":[{"embeddable":true,"href":"https:\/\/trialys.com\/fr\/wp-json\/wp\/v2\/comments?post=733"}],"version-history":[{"count":12,"href":"https:\/\/trialys.com\/fr\/wp-json\/wp\/v2\/pages\/733\/revisions"}],"predecessor-version":[{"id":1935,"href":"https:\/\/trialys.com\/fr\/wp-json\/wp\/v2\/pages\/733\/revisions\/1935"}],"wp:attachment":[{"href":"https:\/\/trialys.com\/fr\/wp-json\/wp\/v2\/media?parent=733"}],"curies":[{"name":"wp","href":"https:\/\/api.w.org\/{rel}","templated":true}]}}