{"id":735,"date":"2019-07-28T20:30:05","date_gmt":"2019-07-28T18:30:05","guid":{"rendered":"http:\/\/dev.trialys.com\/domaines-de-competences\/"},"modified":"2023-07-27T14:32:54","modified_gmt":"2023-07-27T12:32:54","slug":"domaines-de-competences","status":"publish","type":"page","link":"https:\/\/trialys.com\/fr\/domaines-de-competences\/","title":{"rendered":"Comp\u00e9tences"},"content":{"rendered":"\t\t<div data-elementor-type=\"wp-post\" data-elementor-id=\"735\" class=\"elementor elementor-735 elementor-71\">\n\t\t\t\t\t\t<section class=\"elementor-section elementor-top-section elementor-element elementor-element-dc5efaf elementor-section-height-min-height elementor-section-boxed elementor-section-height-default elementor-section-items-middle\" data-id=\"dc5efaf\" data-element_type=\"section\" data-e-type=\"section\">\n\t\t\t\t\t\t<div class=\"elementor-container elementor-column-gap-default\">\n\t\t\t\t\t<div class=\"elementor-column elementor-col-100 elementor-top-column elementor-element elementor-element-ebae3a6\" data-id=\"ebae3a6\" data-element_type=\"column\" data-e-type=\"column\">\n\t\t\t<div class=\"elementor-widget-wrap elementor-element-populated\">\n\t\t\t\t\t\t<div class=\"elementor-element elementor-element-8ffe72a elementor-widget__width-initial elementor-widget-tablet__width-inherit elementor-widget elementor-widget-html\" data-id=\"8ffe72a\" data-element_type=\"widget\" data-e-type=\"widget\" data-widget_type=\"html.default\">\n\t\t\t\t<div class=\"elementor-widget-container\">\n\t\t\t\t\t<video class=\"elementor-video\" src=\"\/wp-content\/uploads\/practices.m4v\" autoplay=\"\" loop=\"\" playsinline=\"\" muted=\"muted\" controlslist=\"nodownload\"><\/video>\t\t\t\t<\/div>\n\t\t\t\t<\/div>\n\t\t\t\t\t<\/div>\n\t\t<\/div>\n\t\t\t\t\t<\/div>\n\t\t<\/section>\n\t\t\t\t<section class=\"elementor-section elementor-top-section elementor-element elementor-element-7253a502 elementor-section-boxed elementor-section-height-default elementor-section-height-default\" data-id=\"7253a502\" data-element_type=\"section\" data-e-type=\"section\">\n\t\t\t\t\t\t<div class=\"elementor-container elementor-column-gap-default\">\n\t\t\t\t\t<div class=\"elementor-column elementor-col-100 elementor-top-column elementor-element elementor-element-17f4a7e6\" data-id=\"17f4a7e6\" data-element_type=\"column\" data-e-type=\"column\">\n\t\t\t<div class=\"elementor-widget-wrap elementor-element-populated\">\n\t\t\t\t\t\t<div class=\"elementor-element elementor-element-13cffe00 elementor-widget elementor-widget-heading\" data-id=\"13cffe00\" data-element_type=\"widget\" data-e-type=\"widget\" data-widget_type=\"heading.default\">\n\t\t\t\t<div class=\"elementor-widget-container\">\n\t\t\t\t\t<h1 class=\"elementor-heading-title elementor-size-default\">Comp\u00e9tences<\/h1>\t\t\t\t<\/div>\n\t\t\t\t<\/div>\n\t\t\t\t<div class=\"elementor-element elementor-element-8fa3d91 elementor-widget elementor-widget-text-editor\" data-id=\"8fa3d91\" data-element_type=\"widget\" data-e-type=\"widget\" data-widget_type=\"text-editor.default\">\n\t\t\t\t<div class=\"elementor-widget-container\">\n\t\t\t\t\t\t\t\t\t<p>Nos domaines de comp\u00e9tences sont \u00e9troitement li\u00e9s au droit des affaires et englobent un vaste \u00e9ventail de services juridiques comprenant notamment le conseil, la n\u00e9gociation, la structuration des transactions et le r\u00e8glement des diff\u00e9rends.<\/p>\n<p>Nos associ\u00e9s disposent d\u2019une grande exp\u00e9rience dans les domaines juridiques int\u00e9ressant les entreprises de toutes tailles actives dans une grande vari\u00e9t\u00e9 d\u2019industries. Elles se traduisent par une compr\u00e9hension approfondie des pr\u00e9occupations de nos clients.<\/p>\n<p>La composante internationale est omnipr\u00e9sente au sein de notre cabinet qui a la facult\u00e9 de traiter des dossiers aussi bien en droit belge qu\u2019en droit luxembourgeois dans cinq langues diff\u00e9rentes de travail.<br \/>\nTous nos associ\u00e9s jouissent d\u2019une exp\u00e9rience significative dans le domaine des transactions internationales.<\/p>\n<p>De plus, gr\u00e2ce aux r\u00e9seaux internationaux de cabinets d\u2019avocats dont nous faisons partie, nous sommes en mesure d\u2019assister des clients domestiques pour leurs activit\u00e9s \u00e0 l\u2019\u00e9tranger autant que des clients \u00e9trangers pour leurs affaires au Luxembourg et en Belgique.<\/p>\n<p>Nous sommes actifs principalement en\u00a0mati\u00e8re de :<\/p>\n\t\t\t\t\t\t\t\t<\/div>\n\t\t\t\t<\/div>\n\t\t\t\t<div class=\"elementor-element elementor-element-e7df2d0 elementor-widget elementor-widget-accordion\" data-id=\"e7df2d0\" data-element_type=\"widget\" data-e-type=\"widget\" data-widget_type=\"accordion.default\">\n\t\t\t\t<div class=\"elementor-widget-container\">\n\t\t\t\t\t\t\t<div class=\"elementor-accordion\">\n\t\t\t\t\t\t\t<div class=\"elementor-accordion-item\">\n\t\t\t\t\t<div id=\"elementor-tab-title-2431\" class=\"elementor-tab-title\" data-tab=\"1\" role=\"button\" aria-controls=\"elementor-tab-content-2431\" aria-expanded=\"false\">\n\t\t\t\t\t\t\t\t\t\t\t\t\t<span class=\"elementor-accordion-icon elementor-accordion-icon-right\" aria-hidden=\"true\">\n\t\t\t\t\t\t\t\t\t\t\t\t\t\t\t<span class=\"elementor-accordion-icon-closed\"><svg xmlns=\"http:\/\/www.w3.org\/2000\/svg\" xmlns:xlink=\"http:\/\/www.w3.org\/1999\/xlink\" x=\"0px\" y=\"0px\" viewBox=\"0 0 220 220\" style=\"enable-background:new 0 0 220 220;\" xml:space=\"preserve\"><path class=\"icon\" d=\"M109,181.1c-2.31,0-4.62-0.88-6.38-2.64L2.64,78.48c-3.52-3.52-3.52-9.23,0-12.76c3.52-3.52,9.23-3.52,12.76,0  l93.6,93.6l95.6-95.6c3.52-3.52,9.23-3.52,12.76,0c3.52,3.52,3.52,9.23,0,12.76L115.38,178.46C113.62,180.22,111.31,181.1,109,181.1  z\"><\/path><\/svg><\/span>\n\t\t\t\t\t\t\t\t<span class=\"elementor-accordion-icon-opened\"><svg xmlns=\"http:\/\/www.w3.org\/2000\/svg\" xmlns:xlink=\"http:\/\/www.w3.org\/1999\/xlink\" x=\"0px\" y=\"0px\" viewBox=\"0 0 220 220\" style=\"enable-background:new 0 0 220 220;\" xml:space=\"preserve\"><path class=\"icon\" d=\"M170.01,111c0,2.31-0.88,4.62-2.64,6.38l-99.98,99.98c-3.52,3.52-9.23,3.52-12.76,0  c-3.52-3.52-3.52-9.23,0-12.76l93.6-93.6l-95.6-95.6c-3.52-3.52-3.52-9.23,0-12.76c3.52-3.52,9.23-3.52,12.76,0l101.98,101.98  C169.13,106.38,170.01,108.69,170.01,111z\"><\/path><\/svg><\/span>\n\t\t\t\t\t\t\t\t\t\t\t\t\t\t<\/span>\n\t\t\t\t\t\t\t\t\t\t\t\t<a class=\"elementor-accordion-title\" tabindex=\"0\">Droit des soci\u00e9t\u00e9s et fusions-acquisitions (M&A)<\/a>\n\t\t\t\t\t<\/div>\n\t\t\t\t\t<div id=\"elementor-tab-content-2431\" class=\"elementor-tab-content elementor-clearfix\" data-tab=\"1\" role=\"region\" aria-labelledby=\"elementor-tab-title-2431\"><p>Nous assistons nos clients \u00e0 tous les stades de d\u00e9veloppement de leurs soci\u00e9t\u00e9s, de leur constitution \u00e0 leur liquidation. Les relations entre actionnaires, en ce compris la n\u00e9gociation et la r\u00e9daction de pactes d\u2019actionnaires et le r\u00e8glement de diff\u00e9rends entre actionnaires, font partie int\u00e9grante de notre pratique.<\/p>\n<p>Nous intervenons r\u00e9guli\u00e8rement dans le cadre de fusions-acquisitions (M&amp;A), \u00e0 tous les stades du processus, depuis la conclusion d\u2019accords pr\u00e9contractuels, tels qu\u2019accords de confidentialit\u00e9 ou lettres d\u2019intention, jusqu\u2019\u00e0 la conclusion du deal et aux \u00e9ventuelles restructurations ult\u00e9rieures.<\/p>\n<p>Nous sommes sp\u00e9cialis\u00e9s dans la cr\u00e9ation et la mise en place de structures d\u2019investissement alternatives au Luxembourg, telles que des Fonds d\u2019investissements sp\u00e9cialis\u00e9s (SIF), des Soci\u00e9t\u00e9s d\u2019investissement en capital \u00e0 risque (SICAR), des Fonds d\u2019investissements alternatifs r\u00e9serv\u00e9s (RAIF) et autres Special limited partnerships (SLP). Nous g\u00e9rons \u00e9galement l\u2019\u00e9mission d\u2019action dans l\u2019\u00e9mission d\u2019actions et d\u2019obligations dans le cadre de placements priv\u00e9s ou d\u2019offres publiques propos\u00e9s par ces structures.<\/p>\n<\/div>\n\t\t\t\t<\/div>\n\t\t\t\t\t\t\t<div class=\"elementor-accordion-item\">\n\t\t\t\t\t<div id=\"elementor-tab-title-2432\" class=\"elementor-tab-title\" data-tab=\"2\" role=\"button\" aria-controls=\"elementor-tab-content-2432\" aria-expanded=\"false\">\n\t\t\t\t\t\t\t\t\t\t\t\t\t<span class=\"elementor-accordion-icon elementor-accordion-icon-right\" aria-hidden=\"true\">\n\t\t\t\t\t\t\t\t\t\t\t\t\t\t\t<span class=\"elementor-accordion-icon-closed\"><svg xmlns=\"http:\/\/www.w3.org\/2000\/svg\" xmlns:xlink=\"http:\/\/www.w3.org\/1999\/xlink\" x=\"0px\" y=\"0px\" viewBox=\"0 0 220 220\" style=\"enable-background:new 0 0 220 220;\" xml:space=\"preserve\"><path class=\"icon\" d=\"M109,181.1c-2.31,0-4.62-0.88-6.38-2.64L2.64,78.48c-3.52-3.52-3.52-9.23,0-12.76c3.52-3.52,9.23-3.52,12.76,0  l93.6,93.6l95.6-95.6c3.52-3.52,9.23-3.52,12.76,0c3.52,3.52,3.52,9.23,0,12.76L115.38,178.46C113.62,180.22,111.31,181.1,109,181.1  z\"><\/path><\/svg><\/span>\n\t\t\t\t\t\t\t\t<span class=\"elementor-accordion-icon-opened\"><svg xmlns=\"http:\/\/www.w3.org\/2000\/svg\" xmlns:xlink=\"http:\/\/www.w3.org\/1999\/xlink\" x=\"0px\" y=\"0px\" viewBox=\"0 0 220 220\" style=\"enable-background:new 0 0 220 220;\" xml:space=\"preserve\"><path class=\"icon\" d=\"M170.01,111c0,2.31-0.88,4.62-2.64,6.38l-99.98,99.98c-3.52,3.52-9.23,3.52-12.76,0  c-3.52-3.52-3.52-9.23,0-12.76l93.6-93.6l-95.6-95.6c-3.52-3.52-3.52-9.23,0-12.76c3.52-3.52,9.23-3.52,12.76,0l101.98,101.98  C169.13,106.38,170.01,108.69,170.01,111z\"><\/path><\/svg><\/span>\n\t\t\t\t\t\t\t\t\t\t\t\t\t\t<\/span>\n\t\t\t\t\t\t\t\t\t\t\t\t<a class=\"elementor-accordion-title\" tabindex=\"0\">Droit commercial et droit des contrats<\/a>\n\t\t\t\t\t<\/div>\n\t\t\t\t\t<div id=\"elementor-tab-content-2432\" class=\"elementor-tab-content elementor-clearfix\" data-tab=\"2\" role=\"region\" aria-labelledby=\"elementor-tab-title-2432\"><p>Nous assistons nos clients dans la structuration de leurs relations contractuelles avec leurs fournisseurs ou clients, tant durant la n\u00e9gociation, la conclusion et l\u2019ex\u00e9cution des contrats, que durant leur r\u00e9siliation et les \u00e9ventuels litiges qui en r\u00e9sultent.<\/p>\n<p>Nous aidons nos clients dans la r\u00e9daction ou la r\u00e9vision de divers types de contrats commerciaux, conventions de distribution, contrats de services, conditions g\u00e9n\u00e9rales et tous types de baux \u00e0 caract\u00e8re commercial (en ce compris la location de bureaux).<\/p>\n<\/div>\n\t\t\t\t<\/div>\n\t\t\t\t\t\t\t<div class=\"elementor-accordion-item\">\n\t\t\t\t\t<div id=\"elementor-tab-title-2433\" class=\"elementor-tab-title\" data-tab=\"3\" role=\"button\" aria-controls=\"elementor-tab-content-2433\" aria-expanded=\"false\">\n\t\t\t\t\t\t\t\t\t\t\t\t\t<span class=\"elementor-accordion-icon elementor-accordion-icon-right\" aria-hidden=\"true\">\n\t\t\t\t\t\t\t\t\t\t\t\t\t\t\t<span class=\"elementor-accordion-icon-closed\"><svg xmlns=\"http:\/\/www.w3.org\/2000\/svg\" xmlns:xlink=\"http:\/\/www.w3.org\/1999\/xlink\" x=\"0px\" y=\"0px\" viewBox=\"0 0 220 220\" style=\"enable-background:new 0 0 220 220;\" xml:space=\"preserve\"><path class=\"icon\" d=\"M109,181.1c-2.31,0-4.62-0.88-6.38-2.64L2.64,78.48c-3.52-3.52-3.52-9.23,0-12.76c3.52-3.52,9.23-3.52,12.76,0  l93.6,93.6l95.6-95.6c3.52-3.52,9.23-3.52,12.76,0c3.52,3.52,3.52,9.23,0,12.76L115.38,178.46C113.62,180.22,111.31,181.1,109,181.1  z\"><\/path><\/svg><\/span>\n\t\t\t\t\t\t\t\t<span class=\"elementor-accordion-icon-opened\"><svg xmlns=\"http:\/\/www.w3.org\/2000\/svg\" xmlns:xlink=\"http:\/\/www.w3.org\/1999\/xlink\" x=\"0px\" y=\"0px\" viewBox=\"0 0 220 220\" style=\"enable-background:new 0 0 220 220;\" xml:space=\"preserve\"><path class=\"icon\" d=\"M170.01,111c0,2.31-0.88,4.62-2.64,6.38l-99.98,99.98c-3.52,3.52-9.23,3.52-12.76,0  c-3.52-3.52-3.52-9.23,0-12.76l93.6-93.6l-95.6-95.6c-3.52-3.52-3.52-9.23,0-12.76c3.52-3.52,9.23-3.52,12.76,0l101.98,101.98  C169.13,106.38,170.01,108.69,170.01,111z\"><\/path><\/svg><\/span>\n\t\t\t\t\t\t\t\t\t\t\t\t\t\t<\/span>\n\t\t\t\t\t\t\t\t\t\t\t\t<a class=\"elementor-accordion-title\" tabindex=\"0\">Droit bancaire et financier<\/a>\n\t\t\t\t\t<\/div>\n\t\t\t\t\t<div id=\"elementor-tab-content-2433\" class=\"elementor-tab-content elementor-clearfix\" data-tab=\"3\" role=\"region\" aria-labelledby=\"elementor-tab-title-2433\"><p>Nous assistons nos clients dans le cadre de leurs op\u00e9rations bancaires et financi\u00e8res, qu\u2019ils agissent en tant que pr\u00eateurs ou emprunteurs, notamment dans des op\u00e9rations de financement d\u2019entreprises ou de structuration de garanties.<\/p>\n<p>A ce titre, nous \u00e9mettons des avis sur leur capacit\u00e9 juridique \u00e0 effectuer de telles op\u00e9rations et\/ou sur la validit\u00e9 des engagements ainsi contract\u00e9s.<\/p>\n<p>Notre pratique inclut \u00e9galement les proc\u00e9dures de faillite, d\u2019insolvabilit\u00e9 et de liquidation volontaire, ainsi que de refinancement de dettes.<\/p>\n<\/div>\n\t\t\t\t<\/div>\n\t\t\t\t\t\t\t<div class=\"elementor-accordion-item\">\n\t\t\t\t\t<div id=\"elementor-tab-title-2434\" class=\"elementor-tab-title\" data-tab=\"4\" role=\"button\" aria-controls=\"elementor-tab-content-2434\" aria-expanded=\"false\">\n\t\t\t\t\t\t\t\t\t\t\t\t\t<span class=\"elementor-accordion-icon elementor-accordion-icon-right\" aria-hidden=\"true\">\n\t\t\t\t\t\t\t\t\t\t\t\t\t\t\t<span class=\"elementor-accordion-icon-closed\"><svg xmlns=\"http:\/\/www.w3.org\/2000\/svg\" xmlns:xlink=\"http:\/\/www.w3.org\/1999\/xlink\" x=\"0px\" y=\"0px\" viewBox=\"0 0 220 220\" style=\"enable-background:new 0 0 220 220;\" xml:space=\"preserve\"><path class=\"icon\" d=\"M109,181.1c-2.31,0-4.62-0.88-6.38-2.64L2.64,78.48c-3.52-3.52-3.52-9.23,0-12.76c3.52-3.52,9.23-3.52,12.76,0  l93.6,93.6l95.6-95.6c3.52-3.52,9.23-3.52,12.76,0c3.52,3.52,3.52,9.23,0,12.76L115.38,178.46C113.62,180.22,111.31,181.1,109,181.1  z\"><\/path><\/svg><\/span>\n\t\t\t\t\t\t\t\t<span class=\"elementor-accordion-icon-opened\"><svg xmlns=\"http:\/\/www.w3.org\/2000\/svg\" xmlns:xlink=\"http:\/\/www.w3.org\/1999\/xlink\" x=\"0px\" y=\"0px\" viewBox=\"0 0 220 220\" style=\"enable-background:new 0 0 220 220;\" xml:space=\"preserve\"><path class=\"icon\" d=\"M170.01,111c0,2.31-0.88,4.62-2.64,6.38l-99.98,99.98c-3.52,3.52-9.23,3.52-12.76,0  c-3.52-3.52-3.52-9.23,0-12.76l93.6-93.6l-95.6-95.6c-3.52-3.52-3.52-9.23,0-12.76c3.52-3.52,9.23-3.52,12.76,0l101.98,101.98  C169.13,106.38,170.01,108.69,170.01,111z\"><\/path><\/svg><\/span>\n\t\t\t\t\t\t\t\t\t\t\t\t\t\t<\/span>\n\t\t\t\t\t\t\t\t\t\t\t\t<a class=\"elementor-accordion-title\" tabindex=\"0\">Droit du travail <\/a>\n\t\t\t\t\t<\/div>\n\t\t\t\t\t<div id=\"elementor-tab-content-2434\" class=\"elementor-tab-content elementor-clearfix\" data-tab=\"4\" role=\"region\" aria-labelledby=\"elementor-tab-title-2434\"><p>Nous assistons nos clients, employeurs ou employ\u00e9s, lors des n\u00e9gociations, de la r\u00e9daction et de la conclusion de contrats de travail, de la mise en place de syst\u00e8mes de r\u00e9mun\u00e9ration particuliers ou d\u2019accords portant sur la r\u00e9siliation unilat\u00e9rale de la relation de travail.<\/p>\n<p>Nous repr\u00e9sentons nos clients en justice \u00e0 l\u2019occasion de litiges n\u00e9s principalement de la fin de la relation de travail.<\/p>\n<\/div>\n\t\t\t\t<\/div>\n\t\t\t\t\t\t\t<div class=\"elementor-accordion-item\">\n\t\t\t\t\t<div id=\"elementor-tab-title-2435\" class=\"elementor-tab-title\" data-tab=\"5\" role=\"button\" aria-controls=\"elementor-tab-content-2435\" aria-expanded=\"false\">\n\t\t\t\t\t\t\t\t\t\t\t\t\t<span class=\"elementor-accordion-icon elementor-accordion-icon-right\" aria-hidden=\"true\">\n\t\t\t\t\t\t\t\t\t\t\t\t\t\t\t<span class=\"elementor-accordion-icon-closed\"><svg xmlns=\"http:\/\/www.w3.org\/2000\/svg\" xmlns:xlink=\"http:\/\/www.w3.org\/1999\/xlink\" x=\"0px\" y=\"0px\" viewBox=\"0 0 220 220\" style=\"enable-background:new 0 0 220 220;\" xml:space=\"preserve\"><path class=\"icon\" d=\"M109,181.1c-2.31,0-4.62-0.88-6.38-2.64L2.64,78.48c-3.52-3.52-3.52-9.23,0-12.76c3.52-3.52,9.23-3.52,12.76,0  l93.6,93.6l95.6-95.6c3.52-3.52,9.23-3.52,12.76,0c3.52,3.52,3.52,9.23,0,12.76L115.38,178.46C113.62,180.22,111.31,181.1,109,181.1  z\"><\/path><\/svg><\/span>\n\t\t\t\t\t\t\t\t<span class=\"elementor-accordion-icon-opened\"><svg xmlns=\"http:\/\/www.w3.org\/2000\/svg\" xmlns:xlink=\"http:\/\/www.w3.org\/1999\/xlink\" x=\"0px\" y=\"0px\" viewBox=\"0 0 220 220\" style=\"enable-background:new 0 0 220 220;\" xml:space=\"preserve\"><path class=\"icon\" d=\"M170.01,111c0,2.31-0.88,4.62-2.64,6.38l-99.98,99.98c-3.52,3.52-9.23,3.52-12.76,0  c-3.52-3.52-3.52-9.23,0-12.76l93.6-93.6l-95.6-95.6c-3.52-3.52-3.52-9.23,0-12.76c3.52-3.52,9.23-3.52,12.76,0l101.98,101.98  C169.13,106.38,170.01,108.69,170.01,111z\"><\/path><\/svg><\/span>\n\t\t\t\t\t\t\t\t\t\t\t\t\t\t<\/span>\n\t\t\t\t\t\t\t\t\t\t\t\t<a class=\"elementor-accordion-title\" tabindex=\"0\">R\u00e8glement des diff\u00e9rends et contentieux<\/a>\n\t\t\t\t\t<\/div>\n\t\t\t\t\t<div id=\"elementor-tab-content-2435\" class=\"elementor-tab-content elementor-clearfix\" data-tab=\"5\" role=\"region\" aria-labelledby=\"elementor-tab-title-2435\"><p>Nous conseillons et repr\u00e9sentons nos clients dans tous types de litiges, contentieux et proc\u00e9dures d\u2019arbitrage touchant au droit civil, au droit commercial, au droit administratif et au droit du travail.<\/p>\n<p>Nous intervenons r\u00e9guli\u00e8rement devant les tribunaux belges et luxembourgeois et disposons d\u2019une exp\u00e9rience av\u00e9r\u00e9e dans les proc\u00e9dures arbitrales, nationales ou internationales, organis\u00e9es conform\u00e9ment aux r\u00e8gles de la CCI, du CEPANI ou sur une base ad hoc.<\/p>\n<\/div>\n\t\t\t\t<\/div>\n\t\t\t\t\t\t\t\t<\/div>\n\t\t\t\t\t\t<\/div>\n\t\t\t\t<\/div>\n\t\t\t\t\t<\/div>\n\t\t<\/div>\n\t\t\t\t\t<\/div>\n\t\t<\/section>\n\t\t\t\t<\/div>\n\t\t","protected":false},"excerpt":{"rendered":"<p>Nos domaines de comp\u00e9tences sont \u00e9troitement li\u00e9s au droit des affaires et englobent un vaste \u00e9ventail de services juridiques comprenant notamment le conseil, la n\u00e9gociation, la structuration des transactions et le r\u00e8glement des diff\u00e9rends. Nos associ\u00e9s disposent d\u2019une grande exp\u00e9rience dans les domaines juridiques int\u00e9ressant les entreprises de toutes tailles actives dans une grande vari\u00e9t\u00e9 [&hellip;]<\/p>\n","protected":false},"author":5,"featured_media":0,"parent":0,"menu_order":0,"comment_status":"closed","ping_status":"closed","template":"elementor_header_footer","meta":{"_acf_changed":false,"inline_featured_image":false,"_exactmetrics_skip_tracking":false,"_exactmetrics_sitenote_active":false,"_exactmetrics_sitenote_note":"","_exactmetrics_sitenote_category":0,"footnotes":""},"class_list":["post-735","page","type-page","status-publish","hentry"],"acf":[],"_links":{"self":[{"href":"https:\/\/trialys.com\/fr\/wp-json\/wp\/v2\/pages\/735","targetHints":{"allow":["GET"]}}],"collection":[{"href":"https:\/\/trialys.com\/fr\/wp-json\/wp\/v2\/pages"}],"about":[{"href":"https:\/\/trialys.com\/fr\/wp-json\/wp\/v2\/types\/page"}],"author":[{"embeddable":true,"href":"https:\/\/trialys.com\/fr\/wp-json\/wp\/v2\/users\/5"}],"replies":[{"embeddable":true,"href":"https:\/\/trialys.com\/fr\/wp-json\/wp\/v2\/comments?post=735"}],"version-history":[{"count":5,"href":"https:\/\/trialys.com\/fr\/wp-json\/wp\/v2\/pages\/735\/revisions"}],"predecessor-version":[{"id":1838,"href":"https:\/\/trialys.com\/fr\/wp-json\/wp\/v2\/pages\/735\/revisions\/1838"}],"wp:attachment":[{"href":"https:\/\/trialys.com\/fr\/wp-json\/wp\/v2\/media?parent=735"}],"curies":[{"name":"wp","href":"https:\/\/api.w.org\/{rel}","templated":true}]}}