{"id":739,"date":"2019-07-31T18:02:54","date_gmt":"2019-07-31T16:02:54","guid":{"rendered":"http:\/\/dev.trialys.com\/equipe\/"},"modified":"2023-07-28T12:26:15","modified_gmt":"2023-07-28T10:26:15","slug":"equipe","status":"publish","type":"page","link":"https:\/\/trialys.com\/fr\/equipe\/","title":{"rendered":"\u00c9quipe"},"content":{"rendered":"\t\t<div data-elementor-type=\"wp-post\" data-elementor-id=\"739\" class=\"elementor elementor-739 elementor-134\">\n\t\t\t\t\t\t<section class=\"elementor-section elementor-top-section elementor-element elementor-element-ffd640f elementor-section-height-min-height elementor-section-boxed elementor-section-height-default elementor-section-items-middle\" data-id=\"ffd640f\" data-element_type=\"section\" data-e-type=\"section\">\n\t\t\t\t\t\t<div class=\"elementor-container elementor-column-gap-default\">\n\t\t\t\t\t<div class=\"elementor-column elementor-col-100 elementor-top-column elementor-element elementor-element-2c23732\" data-id=\"2c23732\" data-element_type=\"column\" data-e-type=\"column\">\n\t\t\t<div class=\"elementor-widget-wrap elementor-element-populated\">\n\t\t\t\t\t\t<div class=\"elementor-element elementor-element-add1f15 elementor-widget__width-initial elementor-widget-tablet__width-inherit elementor-widget elementor-widget-html\" data-id=\"add1f15\" data-element_type=\"widget\" data-e-type=\"widget\" data-widget_type=\"html.default\">\n\t\t\t\t<div class=\"elementor-widget-container\">\n\t\t\t\t\t<video class=\"elementor-video\" src=\"\/wp-content\/uploads\/team.m4v\" autoplay=\"\" loop=\"\" playsinline=\"\" muted=\"muted\" controlslist=\"nodownload\"><\/video>\t\t\t\t<\/div>\n\t\t\t\t<\/div>\n\t\t\t\t\t<\/div>\n\t\t<\/div>\n\t\t\t\t\t<\/div>\n\t\t<\/section>\n\t\t\t\t<section class=\"elementor-section elementor-top-section elementor-element elementor-element-7253a502 elementor-section-boxed elementor-section-height-default elementor-section-height-default\" data-id=\"7253a502\" data-element_type=\"section\" data-e-type=\"section\">\n\t\t\t\t\t\t<div class=\"elementor-container elementor-column-gap-default\">\n\t\t\t\t\t<div class=\"elementor-column elementor-col-100 elementor-top-column elementor-element elementor-element-17f4a7e6\" data-id=\"17f4a7e6\" data-element_type=\"column\" data-e-type=\"column\">\n\t\t\t<div class=\"elementor-widget-wrap elementor-element-populated\">\n\t\t\t\t\t\t<div class=\"elementor-element elementor-element-13cffe00 elementor-widget elementor-widget-heading\" data-id=\"13cffe00\" data-element_type=\"widget\" data-e-type=\"widget\" data-widget_type=\"heading.default\">\n\t\t\t\t<div class=\"elementor-widget-container\">\n\t\t\t\t\t<h1 class=\"elementor-heading-title elementor-size-default\">\u00c9quipe<\/h1>\t\t\t\t<\/div>\n\t\t\t\t<\/div>\n\t\t\t\t<div class=\"elementor-element elementor-element-e42405b elementor-widget elementor-widget-text-editor\" data-id=\"e42405b\" data-element_type=\"widget\" data-e-type=\"widget\" data-widget_type=\"text-editor.default\">\n\t\t\t\t<div class=\"elementor-widget-container\">\n\t\t\t\t\t\t\t\t\t<p>La composante internationale est omnipr\u00e9sente au sein de notre cabinet qui a la facult\u00e9 de traiter des dossiers aussi bien en droit belge qu\u2019en droit luxembourgeois dans cinq diff\u00e9rentes langues de travail. Tous nos associ\u00e9s jouissent d\u2019une exp\u00e9rience significative dans le domaine des transactions internationales, en ce compris une expertise particuli\u00e8re dans le droit de certains pays d\u2019Afrique (Ohada). De plus, gr\u00e2ce aux r\u00e9seaux internationaux de cabinets d\u2019avocats auxquels nous appartenons, nous sommes en mesure d\u2019assister des clients nationaux dans leurs activit\u00e9s \u00e0 l\u2019\u00e9tranger, mais \u00e9galement des clients \u00e9trangers dans leurs affaires au Luxembourg et en Belgique.<\/p>\n\t\t\t\t\t\t\t\t<\/div>\n\t\t\t\t<\/div>\n\t\t\t\t<div class=\"elementor-element elementor-element-633d0a7 elementor-widget elementor-widget-toolset-view\" data-id=\"633d0a7\" data-element_type=\"widget\" data-e-type=\"widget\" data-widget_type=\"toolset-view.default\">\n\t\t\t\t<div class=\"elementor-widget-container\">\n\t\t\t\t\t\n\n\n<div id=\"wpv-view-layout-254\" class=\"js-wpv-view-layout js-wpv-layout-responsive js-wpv-view-layout-254\" data-viewnumber=\"254\" data-pagination=\"{&quot;id&quot;:254,&quot;query&quot;:&quot;normal&quot;,&quot;type&quot;:&quot;disabled&quot;,&quot;effect&quot;:&quot;fade&quot;,&quot;duration&quot;:500,&quot;speed&quot;:5,&quot;pause_on_hover&quot;:&quot;disabled&quot;,&quot;stop_rollover&quot;:&quot;false&quot;,&quot;cache_pages&quot;:&quot;enabled&quot;,&quot;preload_images&quot;:&quot;enabled&quot;,&quot;preload_pages&quot;:&quot;enabled&quot;,&quot;preload_reach&quot;:1,&quot;spinner&quot;:&quot;builtin&quot;,&quot;spinner_image&quot;:&quot;https:\/\/dev.trialys.com\/wp-content\/plugins\/wp-views\/embedded\/res\/img\/ajax-loader.gif&quot;,&quot;callback_next&quot;:&quot;&quot;,&quot;manage_history&quot;:&quot;enabled&quot;,&quot;has_controls_in_form&quot;:&quot;disabled&quot;,&quot;infinite_tolerance&quot;:&quot;0&quot;,&quot;max_pages&quot;:0,&quot;page&quot;:1,&quot;base_permalink&quot;:&quot;\/fr\/wp-json\/wp\/v2\/pages\/739?wpv_view_count=254&amp;wpv_paged=WPV_PAGE_NUM&quot;,&quot;loop&quot;:{&quot;type&quot;:&quot;&quot;,&quot;name&quot;:&quot;&quot;,&quot;data&quot;:[],&quot;id&quot;:0}}\" data-permalink=\"\/fr\/wp-json\/wp\/v2\/pages\/739?wpv_view_count=254\">\n\n\t\n\t\n<ul id=\"hexGrid\">\n\t\n\t\t<li class=\"hex\">\n        <div class=\"hexIn\">\n          <a class=\"hexLink\" href=\"https:\/\/trialys.com\/fr\/membres\/gerald-stevens\/\">\n            <img decoding=\"async\" src=\"https:\/\/trialys.com\/wp-content\/uploads\/Gerald-Stevens-814x1024.jpg\" alt=\"\">\n            <div class=\"text-hex\"><h2>G\u00e9rald Stevens<\/h2><\/div>\n            <div class=\"text-con\"><span>G\u00e9rald Stevens<\/span><h3>Associ\u00e9<\/h3><\/div>\n          <\/a>\n        <\/div>\n<\/li>\n\t\n\t\t<li class=\"hex\">\n        <div class=\"hexIn\">\n          <a class=\"hexLink\" href=\"https:\/\/trialys.com\/fr\/membres\/alexandra-pardou\/\">\n            <img decoding=\"async\" src=\"https:\/\/trialys.com\/wp-content\/uploads\/Alexandra-2021-BW-819x1024.jpg\" alt=\"\">\n            <div class=\"text-hex\"><h2>Alexandra Pardou<\/h2><\/div>\n            <div class=\"text-con\"><span>Alexandra Pardou<\/span><h3>Associ\u00e9e<\/h3><\/div>\n          <\/a>\n        <\/div>\n<\/li>\n\t\n\t\t<li class=\"hex\">\n        <div class=\"hexIn\">\n          <a class=\"hexLink\" href=\"https:\/\/trialys.com\/fr\/membres\/jerry-mosar\/\">\n            <img decoding=\"async\" src=\"https:\/\/trialys.com\/wp-content\/uploads\/Jerry-2021-BW-819x1024.jpg\" alt=\"\">\n            <div class=\"text-hex\"><h2>Jerry Mosar<\/h2><\/div>\n            <div class=\"text-con\"><span>Jerry Mosar<\/span><h3>Associ\u00e9<\/h3><\/div>\n          <\/a>\n        <\/div>\n<\/li>\n\t\n\t\t<li class=\"hex\">\n        <div class=\"hexIn\">\n          <a class=\"hexLink\" href=\"https:\/\/trialys.com\/fr\/membres\/laurent-mosar\/\">\n            <img decoding=\"async\" src=\"https:\/\/trialys.com\/wp-content\/uploads\/laurent-bw-731x1024.jpg\" alt=\"\">\n            <div class=\"text-hex\"><h2>Laurent Mosar<\/h2><\/div>\n            <div class=\"text-con\"><span>Laurent Mosar<\/span><h3>Associ\u00e9<\/h3><\/div>\n          <\/a>\n        <\/div>\n<\/li>\n\t\n\t\t<li class=\"hex\">\n        <div class=\"hexIn\">\n          <a class=\"hexLink\" href=\"https:\/\/trialys.com\/fr\/membres\/stephanie-tran\/\">\n            <img decoding=\"async\" src=\"https:\/\/trialys.com\/wp-content\/uploads\/009bw-819x1024.jpg\" alt=\"\">\n            <div class=\"text-hex\"><h2>Jean-Yves Lhommel<\/h2><\/div>\n            <div class=\"text-con\"><span>Jean-Yves Lhommel<\/span><h3>Associ\u00e9<\/h3><\/div>\n          <\/a>\n        <\/div>\n<\/li>\n\t\n\t\t<li class=\"hex\">\n        <div class=\"hexIn\">\n          <a class=\"hexLink\" href=\"https:\/\/trialys.com\/fr\/membres\/agathe-le-callonnec\/\">\n            <img decoding=\"async\" src=\"https:\/\/trialys.com\/wp-content\/uploads\/019bw-819x1024.jpg\" alt=\"\">\n            <div class=\"text-hex\"><h2>Agathe Le Callonnec<\/h2><\/div>\n            <div class=\"text-con\"><span>Agathe Le Callonnec<\/span><h3>Collaboratrice senior<\/h3><\/div>\n          <\/a>\n        <\/div>\n<\/li>\n\t\n\t\t<li class=\"hex\">\n        <div class=\"hexIn\">\n          <a class=\"hexLink\" href=\"https:\/\/trialys.com\/fr\/membres\/aminatou-akobe\/\">\n            <img decoding=\"async\" src=\"https:\/\/trialys.com\/wp-content\/uploads\/Aminatou-Akobe-BW-819x1024.jpg\" alt=\"\">\n            <div class=\"text-hex\"><h2>Aminatou Akob\u00e9<\/h2><\/div>\n            <div class=\"text-con\"><span>Aminatou Akob\u00e9<\/span><h3>Collaboratrice<\/h3><\/div>\n          <\/a>\n        <\/div>\n<\/li>\n\t\n\t\t<li class=\"hex\">\n        <div class=\"hexIn\">\n          <a class=\"hexLink\" href=\"https:\/\/trialys.com\/fr\/membres\/cecile-meyer\/\">\n            <img decoding=\"async\" src=\"https:\/\/trialys.com\/wp-content\/uploads\/Cecile-Meyer-BW-819x1024.jpg\" alt=\"\">\n            <div class=\"text-hex\"><h2>C\u00e9cile Meyer<\/h2><\/div>\n            <div class=\"text-con\"><span>C\u00e9cile Meyer<\/span><h3>Collaboratrice<\/h3><\/div>\n          <\/a>\n        <\/div>\n<\/li>\n\t\n\t\t<li class=\"hex\">\n        <div class=\"hexIn\">\n          <a class=\"hexLink\" href=\"https:\/\/trialys.com\/fr\/membres\/ervina-sadiku\/\">\n            <img decoding=\"async\" src=\"https:\/\/trialys.com\/wp-content\/uploads\/ervina-bw-731x1024.jpg\" alt=\"\">\n            <div class=\"text-hex\"><h2>Ervina Sadiku<\/h2><\/div>\n            <div class=\"text-con\"><span>Ervina Sadiku<\/span><h3>Assistante Corporate<\/h3><\/div>\n          <\/a>\n        <\/div>\n<\/li>\n\t\n\t\t<li class=\"hex\">\n        <div class=\"hexIn\">\n          <a class=\"hexLink\" href=\"https:\/\/trialys.com\/fr\/membres\/jennifer-brucker\/\">\n            <img decoding=\"async\" src=\"https:\/\/trialys.com\/wp-content\/uploads\/jennifer-5bw-796x1024.jpg\" alt=\"\">\n            <div class=\"text-hex\"><h2>Jennifer Brucker<\/h2><\/div>\n            <div class=\"text-con\"><span>Jennifer Brucker<\/span><h3>Assistante<\/h3><\/div>\n          <\/a>\n        <\/div>\n<\/li>\n\t\n<\/ul>\n\t\n\t\n\t\n<\/div>\n\n\n\t\t\t\t<\/div>\n\t\t\t\t<\/div>\n\t\t\t\t\t<\/div>\n\t\t<\/div>\n\t\t\t\t\t<\/div>\n\t\t<\/section>\n\t\t\t\t<\/div>\n\t\t","protected":false},"excerpt":{"rendered":"<p>La composante internationale est omnipr\u00e9sente au sein de notre cabinet qui a la facult\u00e9 de traiter des dossiers aussi bien en droit belge qu\u2019en droit luxembourgeois dans cinq diff\u00e9rentes langues de travail. Tous nos associ\u00e9s jouissent d\u2019une exp\u00e9rience significative dans le domaine des transactions internationales, en ce compris une expertise particuli\u00e8re dans le droit de [&hellip;]<\/p>\n","protected":false},"author":5,"featured_media":0,"parent":0,"menu_order":0,"comment_status":"closed","ping_status":"closed","template":"elementor_header_footer","meta":{"_acf_changed":false,"inline_featured_image":false,"_exactmetrics_skip_tracking":false,"_exactmetrics_sitenote_active":false,"_exactmetrics_sitenote_note":"","_exactmetrics_sitenote_category":0,"footnotes":""},"class_list":["post-739","page","type-page","status-publish","hentry"],"acf":[],"_links":{"self":[{"href":"https:\/\/trialys.com\/fr\/wp-json\/wp\/v2\/pages\/739","targetHints":{"allow":["GET"]}}],"collection":[{"href":"https:\/\/trialys.com\/fr\/wp-json\/wp\/v2\/pages"}],"about":[{"href":"https:\/\/trialys.com\/fr\/wp-json\/wp\/v2\/types\/page"}],"author":[{"embeddable":true,"href":"https:\/\/trialys.com\/fr\/wp-json\/wp\/v2\/users\/5"}],"replies":[{"embeddable":true,"href":"https:\/\/trialys.com\/fr\/wp-json\/wp\/v2\/comments?post=739"}],"version-history":[{"count":5,"href":"https:\/\/trialys.com\/fr\/wp-json\/wp\/v2\/pages\/739\/revisions"}],"predecessor-version":[{"id":1924,"href":"https:\/\/trialys.com\/fr\/wp-json\/wp\/v2\/pages\/739\/revisions\/1924"}],"wp:attachment":[{"href":"https:\/\/trialys.com\/fr\/wp-json\/wp\/v2\/media?parent=739"}],"curies":[{"name":"wp","href":"https:\/\/api.w.org\/{rel}","templated":true}]}}