{"id":744,"date":"2020-01-22T15:26:37","date_gmt":"2020-01-22T13:26:37","guid":{"rendered":"http:\/\/dev.trialys.com\/clause-de-non-responsabilite\/"},"modified":"2020-01-22T15:26:38","modified_gmt":"2020-01-22T13:26:38","slug":"clause-de-non-responsabilite","status":"publish","type":"page","link":"https:\/\/trialys.com\/fr\/clause-de-non-responsabilite\/","title":{"rendered":"Clause de non-responsabilit\u00e9"},"content":{"rendered":"\t\t<div data-elementor-type=\"wp-post\" data-elementor-id=\"744\" class=\"elementor elementor-744 elementor-121\">\n\t\t\t\t\t\t<section class=\"elementor-section elementor-top-section elementor-element elementor-element-7253a502 elementor-section-boxed elementor-section-height-default elementor-section-height-default\" data-id=\"7253a502\" data-element_type=\"section\" data-e-type=\"section\">\n\t\t\t\t\t\t<div class=\"elementor-container elementor-column-gap-default\">\n\t\t\t\t\t<div class=\"elementor-column elementor-col-100 elementor-top-column elementor-element elementor-element-17f4a7e6\" data-id=\"17f4a7e6\" data-element_type=\"column\" data-e-type=\"column\">\n\t\t\t<div class=\"elementor-widget-wrap elementor-element-populated\">\n\t\t\t\t\t\t<div class=\"elementor-element elementor-element-13cffe00 elementor-widget elementor-widget-heading\" data-id=\"13cffe00\" data-element_type=\"widget\" data-e-type=\"widget\" data-widget_type=\"heading.default\">\n\t\t\t\t<div class=\"elementor-widget-container\">\n\t\t\t\t\t<h1 class=\"elementor-heading-title elementor-size-default\">Clause de non-responsabilit\u00e9<\/h1>\t\t\t\t<\/div>\n\t\t\t\t<\/div>\n\t\t\t\t<div class=\"elementor-element elementor-element-e7df2d0 elementor-widget elementor-widget-accordion\" data-id=\"e7df2d0\" data-element_type=\"widget\" data-e-type=\"widget\" data-widget_type=\"accordion.default\">\n\t\t\t\t<div class=\"elementor-widget-container\">\n\t\t\t\t\t\t\t<div class=\"elementor-accordion\">\n\t\t\t\t\t\t\t<div class=\"elementor-accordion-item\">\n\t\t\t\t\t<div id=\"elementor-tab-title-2431\" class=\"elementor-tab-title\" data-tab=\"1\" role=\"button\" aria-controls=\"elementor-tab-content-2431\" aria-expanded=\"false\">\n\t\t\t\t\t\t\t\t\t\t\t\t\t<span class=\"elementor-accordion-icon elementor-accordion-icon-right\" aria-hidden=\"true\">\n\t\t\t\t\t\t\t\t\t\t\t\t\t\t\t<span class=\"elementor-accordion-icon-closed\"><svg xmlns=\"http:\/\/www.w3.org\/2000\/svg\" xmlns:xlink=\"http:\/\/www.w3.org\/1999\/xlink\" x=\"0px\" y=\"0px\" viewBox=\"0 0 220 220\" style=\"enable-background:new 0 0 220 220;\" xml:space=\"preserve\"><path class=\"icon\" d=\"M170.01,111c0,2.31-0.88,4.62-2.64,6.38l-99.98,99.98c-3.52,3.52-9.23,3.52-12.76,0  c-3.52-3.52-3.52-9.23,0-12.76l93.6-93.6l-95.6-95.6c-3.52-3.52-3.52-9.23,0-12.76c3.52-3.52,9.23-3.52,12.76,0l101.98,101.98  C169.13,106.38,170.01,108.69,170.01,111z\"><\/path><\/svg><\/span>\n\t\t\t\t\t\t\t\t<span class=\"elementor-accordion-icon-opened\"><svg xmlns=\"http:\/\/www.w3.org\/2000\/svg\" xmlns:xlink=\"http:\/\/www.w3.org\/1999\/xlink\" x=\"0px\" y=\"0px\" viewBox=\"0 0 220 220\" style=\"enable-background:new 0 0 220 220;\" xml:space=\"preserve\"><path class=\"icon\" d=\"M109,181.1c-2.31,0-4.62-0.88-6.38-2.64L2.64,78.48c-3.52-3.52-3.52-9.23,0-12.76c3.52-3.52,9.23-3.52,12.76,0  l93.6,93.6l95.6-95.6c3.52-3.52,9.23-3.52,12.76,0c3.52,3.52,3.52,9.23,0,12.76L115.38,178.46C113.62,180.22,111.31,181.1,109,181.1  z\"><\/path><\/svg><\/span>\n\t\t\t\t\t\t\t\t\t\t\t\t\t\t<\/span>\n\t\t\t\t\t\t\t\t\t\t\t\t<a class=\"elementor-accordion-title\" tabindex=\"0\">Clause de non-responsabilit\u00e9<\/a>\n\t\t\t\t\t<\/div>\n\t\t\t\t\t<div id=\"elementor-tab-content-2431\" class=\"elementor-tab-content elementor-clearfix\" data-tab=\"1\" role=\"region\" aria-labelledby=\"elementor-tab-title-2431\"><p>L\u2019information contenue sur ce Site ne constitue pas un avis juridique ou professionnel et ne doit par cons\u00e9quent pas \u00eatre utilis\u00e9e comme un substitut \u00e0 l\u2019obtention d\u2019un avis juridique ou professionnel sp\u00e9cifique et actualis\u00e9. Un tel avis peut \u00eatre obtenu en contactant un de nos avocats ou en envoyant une demande sp\u00e9cifique par email \u00e0 info@trialys.com.<\/p>\n<p>Trialys n\u2019encourra aucune responsabilit\u00e9 pour des actions ou abstentions fond\u00e9es sur le contenu du Site. Nous faisons tous les efforts raisonnables pour garantir que ce Site soit s\u00e9curis\u00e9 et que l\u2019information publi\u00e9e soit exacte et actualis\u00e9e. Nous ne donnons toutefois aucune garantie, expresse ou tacite, \u00e0 cet \u00e9gard. Nous ne contr\u00f4lons pas et ne sommes pas responsables pour le contenu de sites li\u00e9s \u00e0 notre Site.<\/p>\n<\/div>\n\t\t\t\t<\/div>\n\t\t\t\t\t\t\t<div class=\"elementor-accordion-item\">\n\t\t\t\t\t<div id=\"elementor-tab-title-2432\" class=\"elementor-tab-title\" data-tab=\"2\" role=\"button\" aria-controls=\"elementor-tab-content-2432\" aria-expanded=\"false\">\n\t\t\t\t\t\t\t\t\t\t\t\t\t<span class=\"elementor-accordion-icon elementor-accordion-icon-right\" aria-hidden=\"true\">\n\t\t\t\t\t\t\t\t\t\t\t\t\t\t\t<span class=\"elementor-accordion-icon-closed\"><svg xmlns=\"http:\/\/www.w3.org\/2000\/svg\" xmlns:xlink=\"http:\/\/www.w3.org\/1999\/xlink\" x=\"0px\" y=\"0px\" viewBox=\"0 0 220 220\" style=\"enable-background:new 0 0 220 220;\" xml:space=\"preserve\"><path class=\"icon\" d=\"M170.01,111c0,2.31-0.88,4.62-2.64,6.38l-99.98,99.98c-3.52,3.52-9.23,3.52-12.76,0  c-3.52-3.52-3.52-9.23,0-12.76l93.6-93.6l-95.6-95.6c-3.52-3.52-3.52-9.23,0-12.76c3.52-3.52,9.23-3.52,12.76,0l101.98,101.98  C169.13,106.38,170.01,108.69,170.01,111z\"><\/path><\/svg><\/span>\n\t\t\t\t\t\t\t\t<span class=\"elementor-accordion-icon-opened\"><svg xmlns=\"http:\/\/www.w3.org\/2000\/svg\" xmlns:xlink=\"http:\/\/www.w3.org\/1999\/xlink\" x=\"0px\" y=\"0px\" viewBox=\"0 0 220 220\" style=\"enable-background:new 0 0 220 220;\" xml:space=\"preserve\"><path class=\"icon\" d=\"M109,181.1c-2.31,0-4.62-0.88-6.38-2.64L2.64,78.48c-3.52-3.52-3.52-9.23,0-12.76c3.52-3.52,9.23-3.52,12.76,0  l93.6,93.6l95.6-95.6c3.52-3.52,9.23-3.52,12.76,0c3.52,3.52,3.52,9.23,0,12.76L115.38,178.46C113.62,180.22,111.31,181.1,109,181.1  z\"><\/path><\/svg><\/span>\n\t\t\t\t\t\t\t\t\t\t\t\t\t\t<\/span>\n\t\t\t\t\t\t\t\t\t\t\t\t<a class=\"elementor-accordion-title\" tabindex=\"0\">Propri\u00e9t\u00e9 intellectuelle<\/a>\n\t\t\t\t\t<\/div>\n\t\t\t\t\t<div id=\"elementor-tab-content-2432\" class=\"elementor-tab-content elementor-clearfix\" data-tab=\"2\" role=\"region\" aria-labelledby=\"elementor-tab-title-2432\"><p>Ce Site, en ce compris sa conception et l\u2019int\u00e9gralit\u00e9 de son contenu, son couvert par nos droits de propri\u00e9t\u00e9 intellectuelle et\/ou ceux de nos conc\u00e9dants.<\/p>\n<p>Des copies des informations reprises sur ce Site ne sont autoris\u00e9es qu\u2019\u00e0 des fins exclusives d\u2019information avec la mention de l\u2019adresse de notre Site (www.trialys.com). De telles copies ne peuvent pas \u00eatre vendues. Toute autre copie ou r\u00e9utilisation de ces informations sont strictement interdites sans notre consentement \u00e9crit pr\u00e9alable. Si nonobstant nos efforts \u00e0 cet \u00e9gard, du contenu couvert par vos droits de propri\u00e9t\u00e9 intellectuelle est publi\u00e9 sur ce Site, nous vous invitons \u00e0 nous contacter (nos coordonn\u00e9es sont indiqu\u00e9es ci-dessus) et nous prendrons les mesures appropri\u00e9es.<\/p>\n<\/div>\n\t\t\t\t<\/div>\n\t\t\t\t\t\t\t\t<\/div>\n\t\t\t\t\t\t<\/div>\n\t\t\t\t<\/div>\n\t\t\t\t\t<\/div>\n\t\t<\/div>\n\t\t\t\t\t<\/div>\n\t\t<\/section>\n\t\t\t\t<\/div>\n\t\t","protected":false},"excerpt":{"rendered":"<p>Clause de non-responsabilit\u00e9 L\u2019information contenue sur ce Site ne constitue pas un avis juridique ou professionnel et ne doit par cons\u00e9quent pas \u00eatre utilis\u00e9e comme un substitut \u00e0 l\u2019obtention d\u2019un avis juridique ou professionnel sp\u00e9cifique et actualis\u00e9. Un tel avis peut \u00eatre obtenu en contactant un de nos avocats ou en envoyant une demande sp\u00e9cifique [&hellip;]<\/p>\n","protected":false},"author":5,"featured_media":0,"parent":0,"menu_order":0,"comment_status":"closed","ping_status":"closed","template":"elementor_header_footer","meta":{"_acf_changed":false,"inline_featured_image":false,"_exactmetrics_skip_tracking":false,"_exactmetrics_sitenote_active":false,"_exactmetrics_sitenote_note":"","_exactmetrics_sitenote_category":0,"footnotes":""},"class_list":["post-744","page","type-page","status-publish","hentry"],"acf":[],"_links":{"self":[{"href":"https:\/\/trialys.com\/fr\/wp-json\/wp\/v2\/pages\/744","targetHints":{"allow":["GET"]}}],"collection":[{"href":"https:\/\/trialys.com\/fr\/wp-json\/wp\/v2\/pages"}],"about":[{"href":"https:\/\/trialys.com\/fr\/wp-json\/wp\/v2\/types\/page"}],"author":[{"embeddable":true,"href":"https:\/\/trialys.com\/fr\/wp-json\/wp\/v2\/users\/5"}],"replies":[{"embeddable":true,"href":"https:\/\/trialys.com\/fr\/wp-json\/wp\/v2\/comments?post=744"}],"version-history":[{"count":1,"href":"https:\/\/trialys.com\/fr\/wp-json\/wp\/v2\/pages\/744\/revisions"}],"predecessor-version":[{"id":745,"href":"https:\/\/trialys.com\/fr\/wp-json\/wp\/v2\/pages\/744\/revisions\/745"}],"wp:attachment":[{"href":"https:\/\/trialys.com\/fr\/wp-json\/wp\/v2\/media?parent=744"}],"curies":[{"name":"wp","href":"https:\/\/api.w.org\/{rel}","templated":true}]}}