{"id":1070,"date":"2019-07-31T17:43:06","date_gmt":"2019-07-31T15:43:06","guid":{"rendered":"http:\/\/dev.trialys.com\/privacy-notice\/"},"modified":"2025-03-18T12:20:33","modified_gmt":"2025-03-18T10:20:33","slug":"privacy-notice","status":"publish","type":"page","link":"https:\/\/trialys.com\/nl\/privacy-notice\/","title":{"rendered":"Privacyverklaring"},"content":{"rendered":"\t\t<div data-elementor-type=\"wp-post\" data-elementor-id=\"1070\" class=\"elementor elementor-1070 elementor-129\">\n\t\t\t\t\t\t<section class=\"elementor-section elementor-top-section elementor-element elementor-element-7253a502 elementor-section-boxed elementor-section-height-default elementor-section-height-default\" data-id=\"7253a502\" data-element_type=\"section\" data-e-type=\"section\">\n\t\t\t\t\t\t<div class=\"elementor-container elementor-column-gap-default\">\n\t\t\t\t\t<div class=\"elementor-column elementor-col-100 elementor-top-column elementor-element elementor-element-17f4a7e6\" data-id=\"17f4a7e6\" data-element_type=\"column\" data-e-type=\"column\">\n\t\t\t<div class=\"elementor-widget-wrap elementor-element-populated\">\n\t\t\t\t\t\t<div class=\"elementor-element elementor-element-13cffe00 elementor-widget elementor-widget-heading\" data-id=\"13cffe00\" data-element_type=\"widget\" data-e-type=\"widget\" data-widget_type=\"heading.default\">\n\t\t\t\t<div class=\"elementor-widget-container\">\n\t\t\t\t\t<h1 class=\"elementor-heading-title elementor-size-default\">Privacyverklaring<\/h1>\t\t\t\t<\/div>\n\t\t\t\t<\/div>\n\t\t\t\t<div class=\"elementor-element elementor-element-b106d4e elementor-widget elementor-widget-text-editor\" data-id=\"b106d4e\" data-element_type=\"widget\" data-e-type=\"widget\" data-widget_type=\"text-editor.default\">\n\t\t\t\t<div class=\"elementor-widget-container\">\n\t\t\t\t\t\t\t\t\tHet gebruik en de openbaarmaking van persoonlijke gegevens is belangrijk voor zowel Trialys als voor de personen van wie de persoonsgegevens worden verwerkt.\r\n<h3>1. Wat is het doel van deze pivacyverklaring\/verklaring persoonlijke levenssfeer?<\/h3>\r\nDeze privacyverklaring (&#8220;<strong>Privacyverklaring<\/strong>&#8220;) heeft tot doel informatie te verstrekken over de wijze waarop het advocatenkantoor Trialys* (\u201c<strong>wij<\/strong>\u201d, \u201c<strong>ons<\/strong>\u201d of \u201c<strong>Trialys<\/strong>\u201d) de persoonlijke gegevens die we van u verzamelen of die wij van u hebben verkregen van een derde partij behandelen en verwerken van wanneer u (i) met ons in zee gaat door een beroep te doen op de dienstverlening van Trialys (onze \u201c<strong>Diensten<\/strong>\u201d) of (ii) onze website bezoekt, (de \u201c<strong>Website<\/strong>\u201d), zodat u volledig op de hoogte bent van de wijze en de redenen waarom we uw persoonlijke gegevens gebruiken.\r\n\r\nHet legt tevens uit hoe Trialys persoonlijke informatie kan verwerkend betreffende personen als gevolg van het leveren van de Diensten aan derden en betreffende personen die solliciteren bij Trialys.\r\n\r\nDeze Privacyverklaring zal u informatie verstrekken over de aard van uw persoonlijke gegevens die door ons worden verwerkt en hoe u ons kunt verzoeken dat wij die gegevens verwijderen, bijwerken, overdragen en\/of u daartoe toegang verlenen.\r\n<h3>2. Welke persoonlijke gegevens verzamelen we over u?<\/h3>\r\nPersonal data includes any information about an individual which can identify that individual.\r\n\r\nPersoonlijke gegevens omvatten alle informatie over een persoon aan de hand waarvan die persoon kan worden ge\u00efdentificeerd.\r\n\r\nTrialys kan tijdens zijn bedrijfsactiviteiten persoonlijke gegevens van u verzamelen, onder meer door uw gebruik van onze Website, wanneer u contact met ons opneemt of om informatie verzoekt, wanneer u een beroep doet op onze juridische of andere Diensten** of als gevolg van uw relatie met een of meerdere van onze medewerkers of cli\u00ebnten.\r\n\r\nTrialys mag de volgende categorie\u00ebn persoonlijke gegevens verzamelen, gebruiken, opslaan en overdragen:\r\n<ul>\r\n \t<li><strong>Identiteitsgegevens<\/strong>: naam, voornaam, burgerlijke staat, geboortedatum, identiteis- of paspoortnummer, foto, geslacht, sociale media accounts, \u2026<\/li>\r\n \t<li><strong>Contactgegevens<\/strong>: een e-mailadres, telefoonnummer, facturatieadres, leveringsadres, \u2026<\/li>\r\n \t<li><strong>Financi\u00eble gegevens<\/strong>: bankrekeningnummer, betaalkaartgegevens, gegevens betreffende betalingen naar en van u, \u2026<\/li>\r\n \t<li><strong>Technische gegevens<\/strong>: informatie die wordt verzameld wanneer u onze Website bezoekt, zoals uw IP-adres, browsertype en -versie, tijdzone-instelling en locatie, informatie over uw gebruik van onze Website, uw gebruik van onze WiFi, \u2026<\/li>\r\n \t<li><strong>Professionele gegevens<\/strong>: uw Curriculum Vitae, uw functie en uw eerdere functies en professionele ervaring, uw voorkeurstaal, &#8230;<\/li>\r\n \t<li>Onder beperkte omstandigheden (voor wettelijke of reglementaire doeleinden of indien nodig voor een specifieke dienst die aan u wordt geleverd): uw ras of etniciteit, religieuze of filosofische overtuigingen, seksleven, geaardheid, politieke opvattingen, vakbondslidmaatschap, informatie over uw gezondheid en genetische en biometrische gegevens.<\/li>\r\n<\/ul>\r\nDit lijst is niet limitatief.\r\n<h3>3. Hoe gebruiken we uw persoonlijke informatie?<\/h3>\r\nUw informatie wordt verzameld voor volgende doeleinden:\r\n<ul>\r\n \t<li>De verificatie van uw identiteit;<\/li>\r\n \t<li>De naleving van onze wettelijke verplichtingen (inclusief know your client of AML of anti-omkoping, conflicten of soortgelijke verplichtingen);<\/li>\r\n \t<li>De prestatie van onze Diensten;<\/li>\r\n \t<li>Het uitvoeren van verzoeken die u op de Website of in verband met onze Diensten heeft gedaan;<\/li>\r\n \t<li>Het voldoen aan de toepasselijke wetgeving, een rechterlijk bevel, een ander gerechtelijk proces of de eisen van een toezichthouder;<\/li>\r\n \t<li>De rekrutering van nieuwe advocaten of personeelsleden;<\/li>\r\n \t<li>Het verbeteren, ontwikkelen en op de markt brengen van nieuwe Diensten, en<\/li>\r\n \t<li>Het gebruik zoals anders vereist of toegestaan door de wet.<\/li>\r\n<\/ul>\r\n<h3>4. Wat is onze wettelijke basis om uw persoonlijke informatie te gebruiken of te verwerken?<\/h3>\r\n<ul>\r\n \t<li><strong>Dienstverlening<\/strong>: Het is voor ons noodzakelijk om uw persoonlijke gegevens te gebruiken teneinde onze verplichtingen na te komen in overeenstemming met ieder contract dat we met u kunnen hebben. Het is in ons rechtmatig belang of in het rechtmatig belang van een derde om uw persoonlijke informatie op een dergelijke manier te gebruiken teneinde ervoor te zorgen dat wij u of anderen de allerbeste klantenservice kunnen bieden. Gelieve tevens te willen noteren dat onze Algemene voorwaarden van toepassing zijn wanneer we de Diensten verrichten.<\/li>\r\n \t<li><strong>Rekrutering<\/strong>: Indien we uw persoonlijke gegevens gebruiken in het kader van rekrutering, zal dit gebruik geschieden in overleg met ons en op uw verzoek om een contract aan te gaan dat wij mogelijk met u hebben of indien we een rechtmatig belang hebben om persoonlijke gegevens te grebuiken op een wijze die ertoe leidt dat de beste wervingsbeslissingen kunnen nemen voor Trialys.<\/li>\r\n \t<li><strong>Bedrijfsadministratie en naleving van de wetgeving<\/strong>: Het is ook onze wettelijke plicht om uw persoonlijke informatie te gebruiken om te voldoen aan alle wettelijke verplichtingen die ons worden opgelegd (waaronder know your client of AML of omkoping, conflicten of soortgelijke verplichtingen).<\/li>\r\n \t<li><strong>Website<\/strong>: Het is in ons rechtmatig belang om uw persoonlijke informatie op een dergelijke manier te gebruiken om ervoor te zorgen dat wij u en onze cli\u00ebnten de allerbeste producten en diensten kunnen bieden.<\/li>\r\n<\/ul>\r\n<h3>5. Met wie delen we uw persoonlijke gegevens?<\/h3>\r\nUw persoonlijke gegevens kunnen worden gedeeld en verwerkt door elke Trialys-entiteit, gevestigd in Belgi\u00eb en in Luxemburg.\r\n\r\nWe kunnen, idnien nodig, ook persoonlijke gegevens delen met een aantal van de volgende categorie\u00ebn van derden:\r\n<ul>\r\n \t<li>Derden waarop wij een beroep doen in het kader van de Diensten die we aan onze cli\u00ebnten verlenen, zoals notarissen, gerechtsdeurwaarders, griffiers, rechtbanken, wederpartijen en hun advocaten, deskundigen zoals belastingadviseurs of taxateurs.<\/li>\r\n \t<li>Derden aan wie we bepaalde diensten uitbesteden, zoals, zonder exhaustief te zijn, vertaaldiensten, IT-systemen of softwareleveranciers, IT-ondersteuningsserviceproviders, aanbieders van document- en informatieopslag.<\/li>\r\n \t<li>Regerings- of regelgevende instanties.<\/li>\r\n \t<li>Toezichthouders\/belastingautoriteiten\/bedrijfsregisters.<\/li>\r\n \t<li>Onze professionele adviseurs zoals advocaten en accountants.<\/li>\r\n \t<li>Verzekeraars.<\/li>\r\n \t<li>Externe dienstverleners om ons te helpen met de analyse van klantinzichten, zoals Google Analytics.<\/li>\r\n \t<li>Externe post- of koeriersbedrijven die ons helpen bij het leveren van documenten die verband houden met een zaak.<\/li>\r\n<\/ul>\r\nWe zullen een passend niveau van zorgvuldigheid in acht nemen en met elke subcontractant waarop we een beroep doen de contractuele documentatie opstellen om ervoor te zorgen dat zij persoonlijke gegevens op een gepaste wijze en in overeenstemming met onze wettelijke en reglementaire verplichtingen verwerken.\r\n<h3>6. Het gebruik van cookies<\/h3>\r\nEen cookie is een bestand met letters en cijfers dat wordt opgeslagen in uw browser of op de harde schijf van uw computer. Tenzij u uw browserinstellingen heeft aangepast zodat deze cookies weigert, zal ons systeem cookies uitbrengen zodra u onze website bezoekt.\r\n\r\n\u200bOnze webpagina&#8217;s bevatten cookies waarmee we de ontvangst van een e-mail bij u kunnen volgen, we het aantal gebruikers kunnen tellen die een webpagina hebben bezocht of een e-mail hebben geopend en we andere soorten informatie kunnen verzamelen.\r\n\r\n\u200bDoor deze informatie te gebruiken, zijn we in staat om de effectiviteit van de inhoud te meten van en hoe bezoekers toegang krijgen tot onze Website. Zo kunnen we leren welke pagina&#8217;s van onze Website het meest aantrekkelijk zijn voor onze bezoekers, welke delen van onze Website het interessantst zijn en wat voor soort aanbiedingen onze geregistreerde gebruikers graag zien.\r\n\u200b\r\nHet is in ons rechtmatig belang om uw persoonlijke informatie op een dergelijke manier te gebruiken om ervoor te zorgen dat wij u en onze andere cli\u00ebnten de allerbeste producten en diensten kunnen bieden.\r\n<h3>7. Waar brengen we uw gegevens onder?<\/h3>\r\nOm de Diensten te verlenen moeten we misschien uw persoonlijke gegevens overbrengen naar locaties buiten het rechtsgebied waarin u heeft deze verstrekt.\r\n\r\nAls u gevestigd bent in de Europese Economische Ruimte (EER), gelieve te willen noteren dat indien nodig voor het verlenen van de Diensten, we persoonlijke gegevens zullen overbrengen naar landen buiten de EER.\r\n<h3>8. Hoe lang houden we uw persoonlijke gegevens?<\/h3>\r\nWe zullen relevante persoonlijke gegevens behouden zolang als dit nodig is om de doeleinden voorzien in deze Privacyverklaring te verwezenlijken en zolang we verplicht zijn dit te doen overeenkomstig onze wettelijke verplichtingen, professionele aansprakelijkheidsverplichtingen of als vereist teneinde ons te doen gelden of te verdedigen in het kader van rechtsvorderingen en dit, tot het einde van de relevante bewaringstermijn of totdat de vorderingen in kwestie zijn afgewikkeld.\r\n\r\nWe kunnen dergelijke gegevens dan vernietigen zonder verdere kennisgeving of aansprakelijkheid.\r\n<h3>9. Vertrouwelijkheid en de veiligheid van uw persoonlijke gegevens<\/h3>\r\nTrialys doet er alles aan om de verkregen persoonlijke gegevens veilig te stellen. We kunnen u verzekeren dat uw persoonlijke gegevens strikt vertrouwelijk worden behandeld en dat we ons uiterste best doen om uw persoonlijke gegevens te beschermen. We hebben passende organisatorische en technische maatregelen getroffen om de persoonlijke gegevens die we onder onze controle hebben te beschermen tegen ongeoorloofde toegang, oneigenlijk gebruik of openbaarmaking, ongeautoriseerde wijziging en onwettige vernietiging of toevallig verlies.\r\n\r\nAlle actoren van Trialys, inclusief onze vennoten, medewerkers, bedienden, consultants, werknemers en gegevensverwerkers (d.w.z. degenen die namens ons uw persoonlijke gegevens verwerken voor de hierboven vermelde doeleinden), die toegang hebben tot en die betrokken zijn bij de verwerking van persoonlijke gegevens, zijn verplicht om de vertrouwelijkheid van dergelijke persoonlijke gegevens te respecteren.\r\n<h3>10. Hoe toegang te krijgen tot uw informatie en uw andere rechten<\/h3>\r\nU heeft de volgende rechten met betrekking tot uw persoonlijke gegevens waarover wij beschikken:\r\n<ul>\r\n \t<li>Uw recht op toegang\r\nU heeft het recht om na te gaan welke persoonlijke gegevens we over u bewaren. Op verzoek zullen we bevestigen of we uw persoonlijke gegevens verwerken en, indien nodig, een kopie van die persoonlijke gegevens verstrekken (samen met bepaalde andere details). Indien u extra exemplaren wenst te bekomen, behouden wij ons het recht voor om u daarvoor een redelijke administratieve vergoeding aan te rekenen.<\/li>\r\n \t<li>Uw recht op rectificatie\r\nAls de persoonlijke gegevens die wij over u hebben niet juist of onvolledig zijn, heeft u het recht om te verzoeken om deze te laten corrigeren. Als uw persoonlijke gegevens met anderen werden gedeeld, stellen we hen, voor zover mogelijk, in kennis van die correctie. Waar mogelijk en geoorloofd en als u daartoe een specifiek verzoek indient, kunnen we u ook meedelen met wie we uw persoonlijke gegevens hebben gedeeld en u hun contactgegevens geven.<\/li>\r\n \t<li>Uw recht op verwijdering\r\nOnder bepaalde omstandigheden, heeft u het recht om ons te vragen uw persoonlijke gegevens te schrappen of te verwijderen, bijvoorbeeld wanneer we deze niet langer nodig hebben of indien u uw toestemming intrekt (indien van toepassing). Als uw persoonlijke gegevens met anderen werden gedeeld, stellen we hen, voor zover mogelijk, in kennis van die verwijdering. Waar mogelijk en geoorloofd en als u daartoe een specifiek verzoek indient, kunnen we u ook meedelen met wie we uw persoonlijke gegevens hebben gedeeld en u hun contactgegevens geven.<\/li>\r\n \t<li>Uw recht om de verwerking te beperken\r\nOnder bepaalde omstandigheden, kunt u ons vragen om de verwerking van uw persoonlijke gegevens stop te zetten of te beperken, bijvoorbeeld wanneer u de juistheid van die persoonlijke gegevens betwist of wanneer u bezwaar indient. Als uw persoonlijke gegevens met anderen werden gedeeld, stellen we hen, voor zover mogelijk, in kennis van die beperking. Waar mogelijk en geoorloofd en als u daartoe een specifiek verzoek indient, kunnen we u ook meedelen met wie we uw persoonlijke gegevens hebben gedeeld en u hun contactgegevens geven.<\/li>\r\n \t<li>Uw recht op gegevensoverdracht\r\nOnde bepaalde omstandigheden, heeft u het recht om de persoonlijke gegevens die u ons heeft verstrekt te verkrijgen (in een gestructureerd, veelgebruikt en machinaal leesbaar formaat) en deze opnieuw te gebruiken of ons te vragen deze over te dragen aan een derde naar uw keuze.<\/li>\r\n \t<li>Uw recht op bezwaar\r\nU kunt ons vragen om te stoppen met het verwerken van uw persoonlijke gegevens en we zullen dit doen in de volgende omstandigheden:\r\n&#8211; We vertrouwen op onze eigen of op de legitieme belangen van iemand anders om uw persoonlijke gegevens te verwerken, behoudens indien we dwingende rechtsgronden kunnen aantonen voor de verwerking.\r\n&#8211; Wij verwerken uw persoonlijke gegevens voor directe marketingdoeleinden.<\/li>\r\n \t<li>Uw recht om uw toestemming in te trekken\r\nGezien het feit dat we op uw toestemming (of expliciete toestemming) steunen als onze wettelijke basis voor het verwerken van uw persoonlijke gegevens, heeft u het recht om deze toestemming op ieder moment in te trekken.<\/li>\r\n \t<li>Uw recht om een klacht in te dienen bij de toezichthoudende autoriteit\r\nIngeval van bezorgdheid omtrent enig aspect van onze privacypraktijken, inclusief de manier waarop we uw persoonlijke gegevens hebben verwerkt, kunt u dit melden bij de relevante Toezichthoudende Autoriteit.<\/li>\r\n<\/ul>\r\nWe doen er alles aan om tijdig op uw verzoek of klacht te antwoorden.\r\n\r\nGelieve te willen noteren dat sommige van deze rechten beperkt kunnen zijn wanneer we een hoger belang of wettelijke verplichting hebben om de gegevens te blijven verwerken of waar gegevens kunnen worden vrijgesteld van openbaarmaking vanwege redenen van beroepsgeheim.\r\n\r\nGelieve te willen noteren dat voor we u voor ieder verzoek betreffende persoonlijke gegevens kunnen vragen uw identiteit te bewijzen door ons een kopie van een geldig identificatiemiddel te verstrekken om te voldoen aan onze veiligheidsverplichtingen en om ongeoorloofde openbaarmaking van informatie te voorkomen.\r\n<h3>11. Wijzigingen aan deze Privacyverklaring<\/h3>\r\nOm ervoor te zorgen dat u altijd op de hoogte bent van hoe wij uw persoonlijke gegevens gebruiken en om u te informeren omtrent eventuele wijzigingen in ons gebruik van uw persoonlijke gegevens, zullen we deze Privacyverklaring van tijd tot tijd bijwerken om te voldoen aan de toepasselijke privacy-wetgeving of andere wettelijke vereisten.\r\n\r\nIn voorkomend geval zullen we de gewijzigde Privacyverklaring op onze Website plaatsen of op een andere wijze publiceren. Waar dit praktisch haalbaar is, zullen wij u per e-mail op de hoogte brengen van belangrijke wijzigingen. We raden u echter aan deze Privacyverklaring periodiek te lezen om op de hoogte te blijven over het gebruik van uw persoonlijke gegevens.\r\n<h3>12.\u00a0Contact<\/h3>\r\nIndien u vragen heeft betreffende deze Privacyverklaring of indien u uw rechten zoals uiteengezet in deze Privacyverklaing wenst uit te oefenen, kan u ons op volgende wijze contacteren:\r\n<ul>\r\n \t<li>een e-mail sturen naar <span style=\"color: #f5a610;\"><a style=\"color: #f5a610;\" href=\"mailto:privacy@trialys.com\">privacy@trialys.com<\/a><\/span> ; of<\/li>\r\n \t<li>telefonisch contacteren:\r\nvoor Luxemburg: <a href=\"tel:+ 352 22 74 30 1\"><span style=\"color: #f5a610;\">+ 352 22 74 30 1<\/span><\/a>\r\nvoor Belgi\u00eb: <a href=\"tel:+ 32 2 896 51 70\"><span style=\"color: #f5a610;\">+ 32 2 896 51 70<\/span><\/a><\/li>\r\n<\/ul>\r\n\u200b\r\n\r\n* In Belgi\u00eb: Trialys BVBA, een Belgische besloten vennootschap met beperkte aansprakelijkheid met maatschappelijke zetel te 1170 Brussel, Chauss\u00e9e de la Hulpe 166, ingeschreven in de KBO onder het nummer 0634.578.255; In Luxemburg: Trialys een kostenassociatie tussen Gerald Stevens, Alexandra Pardou, Laurent Mosar en Jerry Mosar.\r\n\u200b\r\n** Trialys houdt zich voornamelijk bezig met rechtspersonen en als zodanig zijn deze entiteiten geen betrokkenen. Als onderdeel van dergelijke instructies kunnen echter persoonlijke gegevens aan ons worden verstrekt (bijv. persoonlijke gegevens met betrekking tot onze zakelijke cli\u00ebnten; of potenti\u00eble cli\u00ebnten; ambtenaren of personeel, elke tegenstander of verkoper of koper of persoonlijke informatie met betrekking tot hun juridische adviseurs of personeel). Als u een persoon bent waarvan de persoonlijke gegevens door ons worden verwerkt als gevolg van het leveren van de Diensten aan anderen (waaronder individuele cli\u00ebnten en zakelijke cli\u00ebnten), zullen we een verscheidenheid aan persoonlijke gegevens verwerken, afhankelijk van de geleverde Diensten. Dit kan persoonlijke gegevens betreffen met betrekking tot, maar niet beperkt tot, onze zakelijke cli\u00ebnten of potenti\u00eble cli\u00ebnten; ambtenaren of personeel, elke tegenstander of verkoper of koper of persoonlijke informatie met betrekking tot hun juridische adviseurs of personeel.\t\t\t\t\t\t\t\t<\/div>\n\t\t\t\t<\/div>\n\t\t\t\t\t<\/div>\n\t\t<\/div>\n\t\t\t\t\t<\/div>\n\t\t<\/section>\n\t\t\t\t<\/div>\n\t\t","protected":false},"excerpt":{"rendered":"<p>Het gebruik en de openbaarmaking van persoonlijke gegevens is belangrijk voor zowel Trialys als voor de personen van wie de persoonsgegevens worden verwerkt. 1. Wat is het doel van deze pivacyverklaring\/verklaring persoonlijke levenssfeer? Deze privacyverklaring (&#8220;Privacyverklaring&#8220;) heeft tot doel informatie te verstrekken over de wijze waarop het advocatenkantoor Trialys* (\u201cwij\u201d, \u201cons\u201d of \u201cTrialys\u201d) de persoonlijke [&hellip;]<\/p>\n","protected":false},"author":5,"featured_media":0,"parent":0,"menu_order":0,"comment_status":"closed","ping_status":"closed","template":"elementor_header_footer","meta":{"_acf_changed":false,"inline_featured_image":false,"_exactmetrics_skip_tracking":false,"_exactmetrics_sitenote_active":false,"_exactmetrics_sitenote_note":"","_exactmetrics_sitenote_category":0,"footnotes":""},"class_list":["post-1070","page","type-page","status-publish","hentry"],"acf":[],"_links":{"self":[{"href":"https:\/\/trialys.com\/nl\/wp-json\/wp\/v2\/pages\/1070","targetHints":{"allow":["GET"]}}],"collection":[{"href":"https:\/\/trialys.com\/nl\/wp-json\/wp\/v2\/pages"}],"about":[{"href":"https:\/\/trialys.com\/nl\/wp-json\/wp\/v2\/types\/page"}],"author":[{"embeddable":true,"href":"https:\/\/trialys.com\/nl\/wp-json\/wp\/v2\/users\/5"}],"replies":[{"embeddable":true,"href":"https:\/\/trialys.com\/nl\/wp-json\/wp\/v2\/comments?post=1070"}],"version-history":[{"count":6,"href":"https:\/\/trialys.com\/nl\/wp-json\/wp\/v2\/pages\/1070\/revisions"}],"predecessor-version":[{"id":2175,"href":"https:\/\/trialys.com\/nl\/wp-json\/wp\/v2\/pages\/1070\/revisions\/2175"}],"wp:attachment":[{"href":"https:\/\/trialys.com\/nl\/wp-json\/wp\/v2\/media?parent=1070"}],"curies":[{"name":"wp","href":"https:\/\/api.w.org\/{rel}","templated":true}]}}