{"id":939,"date":"2019-07-28T20:30:05","date_gmt":"2019-07-28T18:30:05","guid":{"rendered":"http:\/\/dev.trialys.com\/praktijkgebieden\/"},"modified":"2023-07-27T14:32:03","modified_gmt":"2023-07-27T12:32:03","slug":"praktijkgebieden","status":"publish","type":"page","link":"https:\/\/trialys.com\/nl\/praktijkgebieden\/","title":{"rendered":"Praktijkgebieden"},"content":{"rendered":"\t\t<div data-elementor-type=\"wp-post\" data-elementor-id=\"939\" class=\"elementor elementor-939 elementor-71\">\n\t\t\t\t\t\t<section class=\"elementor-section elementor-top-section elementor-element elementor-element-dc5efaf elementor-section-height-min-height elementor-section-boxed elementor-section-height-default elementor-section-items-middle\" data-id=\"dc5efaf\" data-element_type=\"section\" data-e-type=\"section\">\n\t\t\t\t\t\t<div class=\"elementor-container elementor-column-gap-default\">\n\t\t\t\t\t<div class=\"elementor-column elementor-col-100 elementor-top-column elementor-element elementor-element-ebae3a6\" data-id=\"ebae3a6\" data-element_type=\"column\" data-e-type=\"column\">\n\t\t\t<div class=\"elementor-widget-wrap elementor-element-populated\">\n\t\t\t\t\t\t<div class=\"elementor-element elementor-element-8ffe72a elementor-widget__width-initial elementor-widget-tablet__width-inherit elementor-widget elementor-widget-html\" data-id=\"8ffe72a\" data-element_type=\"widget\" data-e-type=\"widget\" data-widget_type=\"html.default\">\n\t\t\t\t<div class=\"elementor-widget-container\">\n\t\t\t\t\t<video class=\"elementor-video\" src=\"\/wp-content\/uploads\/practices.m4v\" autoplay=\"\" loop=\"\" playsinline=\"\" muted=\"muted\" controlslist=\"nodownload\"><\/video>\t\t\t\t<\/div>\n\t\t\t\t<\/div>\n\t\t\t\t\t<\/div>\n\t\t<\/div>\n\t\t\t\t\t<\/div>\n\t\t<\/section>\n\t\t\t\t<section class=\"elementor-section elementor-top-section elementor-element elementor-element-7253a502 elementor-section-boxed elementor-section-height-default elementor-section-height-default\" data-id=\"7253a502\" data-element_type=\"section\" data-e-type=\"section\">\n\t\t\t\t\t\t<div class=\"elementor-container elementor-column-gap-default\">\n\t\t\t\t\t<div class=\"elementor-column elementor-col-100 elementor-top-column elementor-element elementor-element-17f4a7e6\" data-id=\"17f4a7e6\" data-element_type=\"column\" data-e-type=\"column\">\n\t\t\t<div class=\"elementor-widget-wrap elementor-element-populated\">\n\t\t\t\t\t\t<div class=\"elementor-element elementor-element-13cffe00 elementor-widget elementor-widget-heading\" data-id=\"13cffe00\" data-element_type=\"widget\" data-e-type=\"widget\" data-widget_type=\"heading.default\">\n\t\t\t\t<div class=\"elementor-widget-container\">\n\t\t\t\t\t<h1 class=\"elementor-heading-title elementor-size-default\">Praktijkgebieden<\/h1>\t\t\t\t<\/div>\n\t\t\t\t<\/div>\n\t\t\t\t<div class=\"elementor-element elementor-element-8fa3d91 elementor-widget elementor-widget-text-editor\" data-id=\"8fa3d91\" data-element_type=\"widget\" data-e-type=\"widget\" data-widget_type=\"text-editor.default\">\n\t\t\t\t<div class=\"elementor-widget-container\">\n\t\t\t\t\t\t\t\t\t<p>Onze praktijkgebieden hangen nauw samen met het ondernemingsrecht in ruime zin en omvatten een brede waaier aan juridische diensten, waaronder het verlenen van juridisch advies, het voeren van onderhandelingen, het structureren van transacties en het voeren van procedures.<\/p>\n<p>Onze vennoten beschikken over een uitgebreide ervaring in de juridische domeinen die van belang zijn voor alle ondernemingen actief binnen diverse sectoren en dit, ongeacht hun omvang. Dit vertaalt zich in een nauwkeurig inzicht in de bekommernissen van onze cli\u00ebnten.<\/p>\n<p>De internationale component is alomtegenwoordig in ons kantoor waar zowel Belgische als Luxemburgse juridische zaken worden behandeld en dit, in vijf verschillende werktalen.<br \/>\nAl onze vennoten beschikken over een aanzienlijke ervaring op het vlak van internationale transacties.<\/p>\n<p>Dankzij de internationale netwerken van advocatenkantoren waarvan we deel uitmaken, zijn we bovendien in staat om lokale cli\u00ebnten bij te staan in het kader van hun activiteiten in het buitenland en buitenlandse cli\u00ebnten in het kader van hun activiteiten in Belgi\u00eb en in Luxemburg.<\/p>\n<p>Wij zijn voornamelijk actief binnen de volgede domeinen:<\/p>\n\t\t\t\t\t\t\t\t<\/div>\n\t\t\t\t<\/div>\n\t\t\t\t<div class=\"elementor-element elementor-element-e7df2d0 elementor-widget elementor-widget-accordion\" data-id=\"e7df2d0\" data-element_type=\"widget\" data-e-type=\"widget\" data-widget_type=\"accordion.default\">\n\t\t\t\t<div class=\"elementor-widget-container\">\n\t\t\t\t\t\t\t<div class=\"elementor-accordion\">\n\t\t\t\t\t\t\t<div class=\"elementor-accordion-item\">\n\t\t\t\t\t<div id=\"elementor-tab-title-2431\" class=\"elementor-tab-title\" data-tab=\"1\" role=\"button\" aria-controls=\"elementor-tab-content-2431\" aria-expanded=\"false\">\n\t\t\t\t\t\t\t\t\t\t\t\t\t<span class=\"elementor-accordion-icon elementor-accordion-icon-right\" aria-hidden=\"true\">\n\t\t\t\t\t\t\t\t\t\t\t\t\t\t\t<span class=\"elementor-accordion-icon-closed\"><svg xmlns=\"http:\/\/www.w3.org\/2000\/svg\" xmlns:xlink=\"http:\/\/www.w3.org\/1999\/xlink\" x=\"0px\" y=\"0px\" viewBox=\"0 0 220 220\" style=\"enable-background:new 0 0 220 220;\" xml:space=\"preserve\"><path class=\"icon\" d=\"M109,181.1c-2.31,0-4.62-0.88-6.38-2.64L2.64,78.48c-3.52-3.52-3.52-9.23,0-12.76c3.52-3.52,9.23-3.52,12.76,0  l93.6,93.6l95.6-95.6c3.52-3.52,9.23-3.52,12.76,0c3.52,3.52,3.52,9.23,0,12.76L115.38,178.46C113.62,180.22,111.31,181.1,109,181.1  z\"><\/path><\/svg><\/span>\n\t\t\t\t\t\t\t\t<span class=\"elementor-accordion-icon-opened\"><svg xmlns=\"http:\/\/www.w3.org\/2000\/svg\" xmlns:xlink=\"http:\/\/www.w3.org\/1999\/xlink\" x=\"0px\" y=\"0px\" viewBox=\"0 0 220 220\" style=\"enable-background:new 0 0 220 220;\" xml:space=\"preserve\"><path class=\"icon\" d=\"M170.01,111c0,2.31-0.88,4.62-2.64,6.38l-99.98,99.98c-3.52,3.52-9.23,3.52-12.76,0  c-3.52-3.52-3.52-9.23,0-12.76l93.6-93.6l-95.6-95.6c-3.52-3.52-3.52-9.23,0-12.76c3.52-3.52,9.23-3.52,12.76,0l101.98,101.98  C169.13,106.38,170.01,108.69,170.01,111z\"><\/path><\/svg><\/span>\n\t\t\t\t\t\t\t\t\t\t\t\t\t\t<\/span>\n\t\t\t\t\t\t\t\t\t\t\t\t<a class=\"elementor-accordion-title\" tabindex=\"0\">VENNOOTSCHAPSRECHT EN M&A<\/a>\n\t\t\t\t\t<\/div>\n\t\t\t\t\t<div id=\"elementor-tab-content-2431\" class=\"elementor-tab-content elementor-clearfix\" data-tab=\"1\" role=\"region\" aria-labelledby=\"elementor-tab-title-2431\"><p>We staan onze cli\u00ebnten bij in alle ontwikkelingsstadia van hun onderneming, van hun oprichting tot aan hun vereffening. Daarnaast geven wij tevens advies betreffende de relaties tussen de aandeelhouders binnen een vennootschap, met inbegrip van het onderhandelen en het opstellen van aandeelhoudersovereenkomsten en het verlenen van bijstand bij een geschillenbeslechting tussen aandeelhouders.<\/p>\n<p>We komen tevens regelmatig tussen in het kader van fusies en overnames (M&amp;A) in alle fasen van het proces, van het sluiten van precontractuele overeenkomsten, zoals confidentialiteitsovereenkomsten of intentieverklaringen, tot aan de closing en de eventuele daaropvolgende herstructureringen.<\/p>\n<p>Ons kantoor is gespecialiseerd in de totstandbrenging van alternatieve beleggingsstructuren in Luxemburg, zoals de <em>Fonds d\u2019investissements sp\u00e9cialis\u00e9s (SIF)<\/em>, de <em>Soci\u00e9t\u00e9s d\u2019investissement en capital \u00e0 risque (SICAR)<\/em> of recentelijker de <em>Special limited partnerships (SLP)<\/em> en de <em>Fonds d\u2019investissements alternatifs r\u00e9serv\u00e9s (RAIF)<\/em>, evenals de uitgifte door dergelijke structuren van aandelen en obligaties, in het kader van zowel particuliere beleggingen als openbare aanbiedingen.<\/p>\n<\/div>\n\t\t\t\t<\/div>\n\t\t\t\t\t\t\t<div class=\"elementor-accordion-item\">\n\t\t\t\t\t<div id=\"elementor-tab-title-2432\" class=\"elementor-tab-title\" data-tab=\"2\" role=\"button\" aria-controls=\"elementor-tab-content-2432\" aria-expanded=\"false\">\n\t\t\t\t\t\t\t\t\t\t\t\t\t<span class=\"elementor-accordion-icon elementor-accordion-icon-right\" aria-hidden=\"true\">\n\t\t\t\t\t\t\t\t\t\t\t\t\t\t\t<span class=\"elementor-accordion-icon-closed\"><svg xmlns=\"http:\/\/www.w3.org\/2000\/svg\" xmlns:xlink=\"http:\/\/www.w3.org\/1999\/xlink\" x=\"0px\" y=\"0px\" viewBox=\"0 0 220 220\" style=\"enable-background:new 0 0 220 220;\" xml:space=\"preserve\"><path class=\"icon\" d=\"M109,181.1c-2.31,0-4.62-0.88-6.38-2.64L2.64,78.48c-3.52-3.52-3.52-9.23,0-12.76c3.52-3.52,9.23-3.52,12.76,0  l93.6,93.6l95.6-95.6c3.52-3.52,9.23-3.52,12.76,0c3.52,3.52,3.52,9.23,0,12.76L115.38,178.46C113.62,180.22,111.31,181.1,109,181.1  z\"><\/path><\/svg><\/span>\n\t\t\t\t\t\t\t\t<span class=\"elementor-accordion-icon-opened\"><svg xmlns=\"http:\/\/www.w3.org\/2000\/svg\" xmlns:xlink=\"http:\/\/www.w3.org\/1999\/xlink\" x=\"0px\" y=\"0px\" viewBox=\"0 0 220 220\" style=\"enable-background:new 0 0 220 220;\" xml:space=\"preserve\"><path class=\"icon\" d=\"M170.01,111c0,2.31-0.88,4.62-2.64,6.38l-99.98,99.98c-3.52,3.52-9.23,3.52-12.76,0  c-3.52-3.52-3.52-9.23,0-12.76l93.6-93.6l-95.6-95.6c-3.52-3.52-3.52-9.23,0-12.76c3.52-3.52,9.23-3.52,12.76,0l101.98,101.98  C169.13,106.38,170.01,108.69,170.01,111z\"><\/path><\/svg><\/span>\n\t\t\t\t\t\t\t\t\t\t\t\t\t\t<\/span>\n\t\t\t\t\t\t\t\t\t\t\t\t<a class=\"elementor-accordion-title\" tabindex=\"0\">HANDELSRECHT EN CONTRACTENRECHT<\/a>\n\t\t\t\t\t<\/div>\n\t\t\t\t\t<div id=\"elementor-tab-content-2432\" class=\"elementor-tab-content elementor-clearfix\" data-tab=\"2\" role=\"region\" aria-labelledby=\"elementor-tab-title-2432\"><p>Wij adviseren onze cli\u00ebnten bij het structureren van hun contractuele relaties met hun leveranciers en\/of klanten en staan hun zowel bij in het kader van het onderhandelen, het afsluiten en het uitvoeren van de overeenkomsten als in het kader van de be\u00ebindiging ervan en de eventuele geschillen die daaruit zouden voortvloeien.<\/p>\n<p>We staan onze cli\u00ebnten bij in de redactie en de herziening van allerhande commerci\u00eble documenten en overeenkomsten, zoals distributieovereenkomsten, dienstencontracten, algemene voorwaarden en alle soorten commercieelrechtelijke huurovereenkomsten (met inbegrip van de huur van kantoorruimte).<\/p>\n<\/div>\n\t\t\t\t<\/div>\n\t\t\t\t\t\t\t<div class=\"elementor-accordion-item\">\n\t\t\t\t\t<div id=\"elementor-tab-title-2433\" class=\"elementor-tab-title\" data-tab=\"3\" role=\"button\" aria-controls=\"elementor-tab-content-2433\" aria-expanded=\"false\">\n\t\t\t\t\t\t\t\t\t\t\t\t\t<span class=\"elementor-accordion-icon elementor-accordion-icon-right\" aria-hidden=\"true\">\n\t\t\t\t\t\t\t\t\t\t\t\t\t\t\t<span class=\"elementor-accordion-icon-closed\"><svg xmlns=\"http:\/\/www.w3.org\/2000\/svg\" xmlns:xlink=\"http:\/\/www.w3.org\/1999\/xlink\" x=\"0px\" y=\"0px\" viewBox=\"0 0 220 220\" style=\"enable-background:new 0 0 220 220;\" xml:space=\"preserve\"><path class=\"icon\" d=\"M109,181.1c-2.31,0-4.62-0.88-6.38-2.64L2.64,78.48c-3.52-3.52-3.52-9.23,0-12.76c3.52-3.52,9.23-3.52,12.76,0  l93.6,93.6l95.6-95.6c3.52-3.52,9.23-3.52,12.76,0c3.52,3.52,3.52,9.23,0,12.76L115.38,178.46C113.62,180.22,111.31,181.1,109,181.1  z\"><\/path><\/svg><\/span>\n\t\t\t\t\t\t\t\t<span class=\"elementor-accordion-icon-opened\"><svg xmlns=\"http:\/\/www.w3.org\/2000\/svg\" xmlns:xlink=\"http:\/\/www.w3.org\/1999\/xlink\" x=\"0px\" y=\"0px\" viewBox=\"0 0 220 220\" style=\"enable-background:new 0 0 220 220;\" xml:space=\"preserve\"><path class=\"icon\" d=\"M170.01,111c0,2.31-0.88,4.62-2.64,6.38l-99.98,99.98c-3.52,3.52-9.23,3.52-12.76,0  c-3.52-3.52-3.52-9.23,0-12.76l93.6-93.6l-95.6-95.6c-3.52-3.52-3.52-9.23,0-12.76c3.52-3.52,9.23-3.52,12.76,0l101.98,101.98  C169.13,106.38,170.01,108.69,170.01,111z\"><\/path><\/svg><\/span>\n\t\t\t\t\t\t\t\t\t\t\t\t\t\t<\/span>\n\t\t\t\t\t\t\t\t\t\t\t\t<a class=\"elementor-accordion-title\" tabindex=\"0\">BANK EN FINANCIEWEZEN<\/a>\n\t\t\t\t\t<\/div>\n\t\t\t\t\t<div id=\"elementor-tab-content-2433\" class=\"elementor-tab-content elementor-clearfix\" data-tab=\"3\" role=\"region\" aria-labelledby=\"elementor-tab-title-2433\"><p>Wij staan onze cli\u00ebnten bij in het kader van hun bancaire en financi\u00eble verrichtingen, ongeacht of zij als kredietverstrekker of kredietnemer optreden, onder meer in het kader van zakelijke financieringstransacties of bij de structurering van zekerheden.<\/p>\n<p>In dit verband, stellen wij onder meer adviezen op omtrent hun bekwaamheid om dergelijke transacties aan te gaan en\/of omtrent de afdwingbaarheid van de overeenkomsten.<\/p>\n<p>Onze praktijk omvat tevens faillissements-, insolventie- en vrijwillige vereffeningsprocedures, evenals schuldvernieuwing.<\/p>\n<\/div>\n\t\t\t\t<\/div>\n\t\t\t\t\t\t\t<div class=\"elementor-accordion-item\">\n\t\t\t\t\t<div id=\"elementor-tab-title-2434\" class=\"elementor-tab-title\" data-tab=\"4\" role=\"button\" aria-controls=\"elementor-tab-content-2434\" aria-expanded=\"false\">\n\t\t\t\t\t\t\t\t\t\t\t\t\t<span class=\"elementor-accordion-icon elementor-accordion-icon-right\" aria-hidden=\"true\">\n\t\t\t\t\t\t\t\t\t\t\t\t\t\t\t<span class=\"elementor-accordion-icon-closed\"><svg xmlns=\"http:\/\/www.w3.org\/2000\/svg\" xmlns:xlink=\"http:\/\/www.w3.org\/1999\/xlink\" x=\"0px\" y=\"0px\" viewBox=\"0 0 220 220\" style=\"enable-background:new 0 0 220 220;\" xml:space=\"preserve\"><path class=\"icon\" d=\"M109,181.1c-2.31,0-4.62-0.88-6.38-2.64L2.64,78.48c-3.52-3.52-3.52-9.23,0-12.76c3.52-3.52,9.23-3.52,12.76,0  l93.6,93.6l95.6-95.6c3.52-3.52,9.23-3.52,12.76,0c3.52,3.52,3.52,9.23,0,12.76L115.38,178.46C113.62,180.22,111.31,181.1,109,181.1  z\"><\/path><\/svg><\/span>\n\t\t\t\t\t\t\t\t<span class=\"elementor-accordion-icon-opened\"><svg xmlns=\"http:\/\/www.w3.org\/2000\/svg\" xmlns:xlink=\"http:\/\/www.w3.org\/1999\/xlink\" x=\"0px\" y=\"0px\" viewBox=\"0 0 220 220\" style=\"enable-background:new 0 0 220 220;\" xml:space=\"preserve\"><path class=\"icon\" d=\"M170.01,111c0,2.31-0.88,4.62-2.64,6.38l-99.98,99.98c-3.52,3.52-9.23,3.52-12.76,0  c-3.52-3.52-3.52-9.23,0-12.76l93.6-93.6l-95.6-95.6c-3.52-3.52-3.52-9.23,0-12.76c3.52-3.52,9.23-3.52,12.76,0l101.98,101.98  C169.13,106.38,170.01,108.69,170.01,111z\"><\/path><\/svg><\/span>\n\t\t\t\t\t\t\t\t\t\t\t\t\t\t<\/span>\n\t\t\t\t\t\t\t\t\t\t\t\t<a class=\"elementor-accordion-title\" tabindex=\"0\">ARBEIDSRECHT<\/a>\n\t\t\t\t\t<\/div>\n\t\t\t\t\t<div id=\"elementor-tab-content-2434\" class=\"elementor-tab-content elementor-clearfix\" data-tab=\"4\" role=\"region\" aria-labelledby=\"elementor-tab-title-2434\"><p>Wij verlenen advies aan onze cli\u00ebnten, werkgevers en particulieren, in het kader van de onderhandeling, de redactie en de uitvoering van arbeidsovereenkomsten, compensatieregelingen of overeenkomsten volgend op een eenzijdige be\u00ebindiging van de arbeidsrelatie.<\/p>\n<p>We vertegenwoordigen onze cli\u00ebnten tevens in het kader van arbeidsrechtelijke geschillen die in hoofdzaak verband houden met de be\u00ebindiging van de arbeidsrelatie.<\/p>\n<\/div>\n\t\t\t\t<\/div>\n\t\t\t\t\t\t\t<div class=\"elementor-accordion-item\">\n\t\t\t\t\t<div id=\"elementor-tab-title-2435\" class=\"elementor-tab-title\" data-tab=\"5\" role=\"button\" aria-controls=\"elementor-tab-content-2435\" aria-expanded=\"false\">\n\t\t\t\t\t\t\t\t\t\t\t\t\t<span class=\"elementor-accordion-icon elementor-accordion-icon-right\" aria-hidden=\"true\">\n\t\t\t\t\t\t\t\t\t\t\t\t\t\t\t<span class=\"elementor-accordion-icon-closed\"><svg xmlns=\"http:\/\/www.w3.org\/2000\/svg\" xmlns:xlink=\"http:\/\/www.w3.org\/1999\/xlink\" x=\"0px\" y=\"0px\" viewBox=\"0 0 220 220\" style=\"enable-background:new 0 0 220 220;\" xml:space=\"preserve\"><path class=\"icon\" d=\"M109,181.1c-2.31,0-4.62-0.88-6.38-2.64L2.64,78.48c-3.52-3.52-3.52-9.23,0-12.76c3.52-3.52,9.23-3.52,12.76,0  l93.6,93.6l95.6-95.6c3.52-3.52,9.23-3.52,12.76,0c3.52,3.52,3.52,9.23,0,12.76L115.38,178.46C113.62,180.22,111.31,181.1,109,181.1  z\"><\/path><\/svg><\/span>\n\t\t\t\t\t\t\t\t<span class=\"elementor-accordion-icon-opened\"><svg xmlns=\"http:\/\/www.w3.org\/2000\/svg\" xmlns:xlink=\"http:\/\/www.w3.org\/1999\/xlink\" x=\"0px\" y=\"0px\" viewBox=\"0 0 220 220\" style=\"enable-background:new 0 0 220 220;\" xml:space=\"preserve\"><path class=\"icon\" d=\"M170.01,111c0,2.31-0.88,4.62-2.64,6.38l-99.98,99.98c-3.52,3.52-9.23,3.52-12.76,0  c-3.52-3.52-3.52-9.23,0-12.76l93.6-93.6l-95.6-95.6c-3.52-3.52-3.52-9.23,0-12.76c3.52-3.52,9.23-3.52,12.76,0l101.98,101.98  C169.13,106.38,170.01,108.69,170.01,111z\"><\/path><\/svg><\/span>\n\t\t\t\t\t\t\t\t\t\t\t\t\t\t<\/span>\n\t\t\t\t\t\t\t\t\t\t\t\t<a class=\"elementor-accordion-title\" tabindex=\"0\">GESCHILLENBESLECHTING EN ARBITRAGE<\/a>\n\t\t\t\t\t<\/div>\n\t\t\t\t\t<div id=\"elementor-tab-content-2435\" class=\"elementor-tab-content elementor-clearfix\" data-tab=\"5\" role=\"region\" aria-labelledby=\"elementor-tab-title-2435\"><p>Wij adviseren en vertegenwoordigen onze cli\u00ebnten in allerhande soorten geschillen en arbitrageprocedures die verband houden met burgerrechtelijke, handelsrechtelijke, administratiefrechtelijke en arbeidsrechtelijke aangelegenheden.<\/p>\n<p>We treden regelmatig op in procedures voor de Belgische en Luxemburgse hoven en rechtbanken en hebben tevens de nodige ervaring opgebouwd in het kader van nationale en internationale arbitragprocedures die georganiseerd worden volgens de ICC- of CEPANI-regels of nog, op een ad hoc basis.<\/p>\n<\/div>\n\t\t\t\t<\/div>\n\t\t\t\t\t\t\t\t<\/div>\n\t\t\t\t\t\t<\/div>\n\t\t\t\t<\/div>\n\t\t\t\t\t<\/div>\n\t\t<\/div>\n\t\t\t\t\t<\/div>\n\t\t<\/section>\n\t\t\t\t<\/div>\n\t\t","protected":false},"excerpt":{"rendered":"<p>Onze praktijkgebieden hangen nauw samen met het ondernemingsrecht in ruime zin en omvatten een brede waaier aan juridische diensten, waaronder het verlenen van juridisch advies, het voeren van onderhandelingen, het structureren van transacties en het voeren van procedures. Onze vennoten beschikken over een uitgebreide ervaring in de juridische domeinen die van belang zijn voor alle [&hellip;]<\/p>\n","protected":false},"author":5,"featured_media":0,"parent":0,"menu_order":0,"comment_status":"closed","ping_status":"closed","template":"elementor_header_footer","meta":{"_acf_changed":false,"inline_featured_image":false,"_exactmetrics_skip_tracking":false,"_exactmetrics_sitenote_active":false,"_exactmetrics_sitenote_note":"","_exactmetrics_sitenote_category":0,"footnotes":""},"class_list":["post-939","page","type-page","status-publish","hentry"],"acf":[],"_links":{"self":[{"href":"https:\/\/trialys.com\/nl\/wp-json\/wp\/v2\/pages\/939","targetHints":{"allow":["GET"]}}],"collection":[{"href":"https:\/\/trialys.com\/nl\/wp-json\/wp\/v2\/pages"}],"about":[{"href":"https:\/\/trialys.com\/nl\/wp-json\/wp\/v2\/types\/page"}],"author":[{"embeddable":true,"href":"https:\/\/trialys.com\/nl\/wp-json\/wp\/v2\/users\/5"}],"replies":[{"embeddable":true,"href":"https:\/\/trialys.com\/nl\/wp-json\/wp\/v2\/comments?post=939"}],"version-history":[{"count":4,"href":"https:\/\/trialys.com\/nl\/wp-json\/wp\/v2\/pages\/939\/revisions"}],"predecessor-version":[{"id":1837,"href":"https:\/\/trialys.com\/nl\/wp-json\/wp\/v2\/pages\/939\/revisions\/1837"}],"wp:attachment":[{"href":"https:\/\/trialys.com\/nl\/wp-json\/wp\/v2\/media?parent=939"}],"curies":[{"name":"wp","href":"https:\/\/api.w.org\/{rel}","templated":true}]}}