{"id":953,"date":"2019-07-27T18:43:57","date_gmt":"2019-07-27T16:43:57","guid":{"rendered":"http:\/\/dev.trialys.com\/home\/"},"modified":"2023-08-14T10:10:22","modified_gmt":"2023-08-14T08:10:22","slug":"home","status":"publish","type":"page","link":"https:\/\/trialys.com\/nl\/","title":{"rendered":"Home"},"content":{"rendered":"\t\t<div data-elementor-type=\"wp-post\" data-elementor-id=\"953\" class=\"elementor elementor-953 elementor-5\">\n\t\t\t\t\t\t<section class=\"elementor-section elementor-top-section elementor-element elementor-element-98c1143 elementor-section-height-min-height elementor-section-stretched elementor-section-boxed elementor-section-height-default elementor-section-items-middle\" data-id=\"98c1143\" data-element_type=\"section\" data-e-type=\"section\" data-settings=\"{&quot;stretch_section&quot;:&quot;section-stretched&quot;}\">\n\t\t\t\t\t\t<div class=\"elementor-container elementor-column-gap-no\">\n\t\t\t\t\t<div class=\"elementor-column elementor-col-100 elementor-top-column elementor-element elementor-element-e545e87\" data-id=\"e545e87\" data-element_type=\"column\" data-e-type=\"column\">\n\t\t\t<div class=\"elementor-widget-wrap elementor-element-populated\">\n\t\t\t\t\t\t<div class=\"elementor-element elementor-element-6ea0ae5 elementor-widget__width-initial elementor-widget-tablet__width-inherit elementor-widget elementor-widget-html\" data-id=\"6ea0ae5\" data-element_type=\"widget\" data-e-type=\"widget\" data-widget_type=\"html.default\">\n\t\t\t\t<div class=\"elementor-widget-container\">\n\t\t\t\t\t<video class=\"elementor-video\" src=\"\/wp-content\/uploads\/globe-v11.m4v\" autoplay=\"\" loop=\"\" playsinline=\"\" muted=\"muted\" controlslist=\"nodownload\"><\/video>\t\t\t\t<\/div>\n\t\t\t\t<\/div>\n\t\t\t\t\t<\/div>\n\t\t<\/div>\n\t\t\t\t\t<\/div>\n\t\t<\/section>\n\t\t\t\t<section class=\"elementor-section elementor-top-section elementor-element elementor-element-22aafed elementor-section-boxed elementor-section-height-default elementor-section-height-default\" data-id=\"22aafed\" data-element_type=\"section\" data-e-type=\"section\">\n\t\t\t\t\t\t<div class=\"elementor-container elementor-column-gap-default\">\n\t\t\t\t\t<div class=\"elementor-column elementor-col-100 elementor-top-column elementor-element elementor-element-cf46e98\" data-id=\"cf46e98\" data-element_type=\"column\" data-e-type=\"column\">\n\t\t\t<div class=\"elementor-widget-wrap elementor-element-populated\">\n\t\t\t\t\t\t<div class=\"elementor-element elementor-element-3b9ceeb elementor-widget elementor-widget-heading\" data-id=\"3b9ceeb\" data-element_type=\"widget\" data-e-type=\"widget\" data-widget_type=\"heading.default\">\n\t\t\t\t<div class=\"elementor-widget-container\">\n\t\t\t\t\t<h1 class=\"elementor-heading-title elementor-size-default\">Over Ons<\/h1>\t\t\t\t<\/div>\n\t\t\t\t<\/div>\n\t\t\t\t<section class=\"elementor-section elementor-inner-section elementor-element elementor-element-c84b623 elementor-section-height-min-height elementor-section-boxed elementor-section-height-default\" data-id=\"c84b623\" data-element_type=\"section\" data-e-type=\"section\">\n\t\t\t\t\t\t<div class=\"elementor-container elementor-column-gap-default\">\n\t\t\t\t\t<div class=\"elementor-column elementor-col-100 elementor-inner-column elementor-element elementor-element-d4c3479\" data-id=\"d4c3479\" data-element_type=\"column\" data-e-type=\"column\">\n\t\t\t<div class=\"elementor-widget-wrap elementor-element-populated\">\n\t\t\t\t\t\t<div class=\"elementor-element elementor-element-6f6dfa6 elementor-widget elementor-widget-eael-adv-tabs\" data-id=\"6f6dfa6\" data-element_type=\"widget\" data-e-type=\"widget\" data-widget_type=\"eael-adv-tabs.default\">\n\t\t\t\t<div class=\"elementor-widget-container\">\n\t\t\t\t\t        <div data-scroll-on-click=\"no\" data-scroll-speed=\"300\" id=\"eael-advance-tabs-6f6dfa6\" class=\"eael-advance-tabs eael-tabs-horizontal eael-tab-auto-active  active-caret-on\" data-tabid=\"6f6dfa6\">\n            <div class=\"eael-tabs-nav \">\n                <ul class=\"eael-tab-inline-icon\" role=\"tablist\">\n                                            <li id=\"wie-zijn-we\" class=\"inactive eael-tab-item-trigger eael-tab-nav-item\" aria-selected=\"true\" data-tab=\"1\" role=\"tab\" tabindex=\"0\" aria-controls=\"wie-zijn-we-tab\" aria-expanded=\"false\">\n                            \n                                                                <svg xmlns=\"http:\/\/www.w3.org\/2000\/svg\" xmlns:xlink=\"http:\/\/www.w3.org\/1999\/xlink\" x=\"0px\" y=\"0px\" viewBox=\"0 0 220 220\" style=\"enable-background:new 0 0 220 220;\" xml:space=\"preserve\"><path class=\"icon\" d=\"M170.01,111c0,2.31-0.88,4.62-2.64,6.38l-99.98,99.98c-3.52,3.52-9.23,3.52-12.76,0  c-3.52-3.52-3.52-9.23,0-12.76l93.6-93.6l-95.6-95.6c-3.52-3.52-3.52-9.23,0-12.76c3.52-3.52,9.23-3.52,12.76,0l101.98,101.98  C169.13,106.38,170.01,108.69,170.01,111z\"><\/path><\/svg>                                                            \n                                                            <span class=\"eael-tab-title title-after-icon\" >Wie zijn we?<\/span>                            \n                                                    <\/li>\n                                            <li id=\"onze-aanpak\" class=\"inactive eael-tab-item-trigger eael-tab-nav-item\" aria-selected=\"false\" data-tab=\"2\" role=\"tab\" tabindex=\"-1\" aria-controls=\"onze-aanpak-tab\" aria-expanded=\"false\">\n                            \n                                                                <svg xmlns=\"http:\/\/www.w3.org\/2000\/svg\" xmlns:xlink=\"http:\/\/www.w3.org\/1999\/xlink\" x=\"0px\" y=\"0px\" viewBox=\"0 0 220 220\" style=\"enable-background:new 0 0 220 220;\" xml:space=\"preserve\"><path class=\"icon\" d=\"M170.01,111c0,2.31-0.88,4.62-2.64,6.38l-99.98,99.98c-3.52,3.52-9.23,3.52-12.76,0  c-3.52-3.52-3.52-9.23,0-12.76l93.6-93.6l-95.6-95.6c-3.52-3.52-3.52-9.23,0-12.76c3.52-3.52,9.23-3.52,12.76,0l101.98,101.98  C169.13,106.38,170.01,108.69,170.01,111z\"><\/path><\/svg>                                                            \n                                                            <span class=\"eael-tab-title title-after-icon\" >Onze Aanpak<\/span>                            \n                                                    <\/li>\n                                            <li id=\"onze-waarden\" class=\"inactive eael-tab-item-trigger eael-tab-nav-item\" aria-selected=\"false\" data-tab=\"3\" role=\"tab\" tabindex=\"-1\" aria-controls=\"onze-waarden-tab\" aria-expanded=\"false\">\n                            \n                                                                <svg xmlns=\"http:\/\/www.w3.org\/2000\/svg\" xmlns:xlink=\"http:\/\/www.w3.org\/1999\/xlink\" x=\"0px\" y=\"0px\" viewBox=\"0 0 220 220\" style=\"enable-background:new 0 0 220 220;\" xml:space=\"preserve\"><path class=\"icon\" d=\"M170.01,111c0,2.31-0.88,4.62-2.64,6.38l-99.98,99.98c-3.52,3.52-9.23,3.52-12.76,0  c-3.52-3.52-3.52-9.23,0-12.76l93.6-93.6l-95.6-95.6c-3.52-3.52-3.52-9.23,0-12.76c3.52-3.52,9.23-3.52,12.76,0l101.98,101.98  C169.13,106.38,170.01,108.69,170.01,111z\"><\/path><\/svg>                                                            \n                                                            <span class=\"eael-tab-title title-after-icon\" >Onze Waarden<\/span>                            \n                                                    <\/li>\n                    \n                                  <\/ul>\n            <\/div>\n            \n            <div class=\"eael-tabs-content\">\n\t\t        \n                    <div id=\"wie-zijn-we-tab\" class=\"clearfix eael-tab-content-item inactive\" data-title-link=\"wie-zijn-we-tab\">\n\t\t\t\t        <p><span style=\"color: #f5a610\">TRIALYS<\/span> \u2013 Trialys is een advocatenkantoor dat werd opgericht in 2015 en gespecialiseerd is in ondernemingsrecht.<\/p>\n<p>Met vestigingen te Luxemburg en te Brussel, stellen we onze vaardigheden ten dienste van onze cli\u00ebnten, bedrijven, ondernemers en\/of investeerders, zowel in Europa als in de rest van wereld dankzij ons solide internationaal netwerk.<\/p>\n<p>Ons beleid bestaat erin juridische diensten te leveren van een gelijkwaardige kwaliteit als die van een groter advocatenkantoor, gecombineerd met de flexibele en gepersonaliseerde aanpak die kenmerkend is voor een kleiner kantoor.<\/p>\n<p>Deze werkwijze is mogelijk dankzij de extreme complementariteit van onze advocaten.<\/p>\n<p><span style=\"color: #f5a610\">MISSION<\/span> \u2013 Onze voornaamste missie bestaat erin onze cli\u00ebnten een globale juridische ondersteuning te bieden, gericht op de verwezenlijking van hun economische en commerci\u00eble doelstellingen. Daartoe combineren wij een kwalitatief hoogwaardige juridische expertise met een gedegen ervaring in adviesverlening en geschillenbeslechting in vennootschapsrecht en financieel recht, evenals een niet-aflatend engagement gericht op de behoeften en projecten van onze cli\u00ebnten.<\/p>\n<p>Op de pagina \u201c<a href=\"https:\/\/trialys.com\/nl\/praktijkgebieden\/?lang=nl\">Praktijkgebieden<\/a>\u201d van deze website kan u meer informatie vinden betreffende onze werkzaamheden.<\/p>\n                    <\/div>\n\t\t        \n                    <div id=\"onze-aanpak-tab\" class=\"clearfix eael-tab-content-item inactive\" data-title-link=\"onze-aanpak-tab\">\n\t\t\t\t        <p><span style=\"color: #f5a610\">SAMENWERKING<\/span> \u2013 De kracht van onze toewijding voor onze cli\u00ebnten komt tot uitdrukking in de nauwe en voortdurende samenwerking die de ruggengraat van onze structuur vormt. Hieruit vloeit voort dat wij een volledig inzicht kunnen verkrijgen in de activiteiten en de specifieke behoeften van onze cli\u00ebnten hetgeen ons in staat stelt om daarop op een adequate wijze te reageren via een duidelijke communicatie. Onze transparante en directe werkwijze stelt ons in staat om snel de kern van de problemen te bereiken en de juridische oplossingen te vinden die zo gunstig mogelijk zijn voor onze partners.<\/p>\n                    <\/div>\n\t\t        \n                    <div id=\"onze-waarden-tab\" class=\"clearfix eael-tab-content-item inactive\" data-title-link=\"onze-waarden-tab\">\n\t\t\t\t        <p><span style=\"color: #f5a610\">UITGEBREIDE EXPERTISE<\/span> \u2013 Dankzij hun vroegere werkervaringen binnen gerenomeerde structuren, beschikken al onze vennoten over een uitgebreide expertise in het vennootschapsrecht. Deze deskundigheid stelt ons in staat om de vraagstukken en uitdagingen die inherent zijn aan complexe verrichtingen binnen de bedrijfs- en financi\u00eble wereld te begrijpen en de juridische problemen waarmee onze cli\u00ebnten worden geconfronteerd op te lossen.<\/p>\n<p><span style=\"color: #f5a610\">INTERNATIONALE VISIE<\/span> \u2013 Ons cli\u00ebnteel bestaat voornamelijk uit buitenlandse ondernemingen die in Belgi\u00eb en\/of Luxemburg gevestigd zijn en lokale ondernemingen die actief zijn of projecten wensen te ontwikkelen in het buitenland. Onze internationale ervaring en onze deelname aan verscheidene internationale netwerken van advocaten stellen ons in staat om aan deze ondernemingen diensten en oplossingen aan te bieden die zijn afgestemd op hun behoeften.<\/p>\n<p><span style=\"color: #f5a610\">STERKE RELATIES MET ONZE CLI\u00cbNTEN <\/span> \u2013 Wij bogen op sterke, langdurige relaties met onze cli\u00ebnten. We positioneren onszelf als zakelijke partners die handelen in het beste belang van onze cli\u00ebnten door een nauwkeurig inzicht in hun activiteiten. Wij streven ernaar om solide werkrelaties met onze cli\u00ebnten uit te bouwen door een gepersonaliseerde en proactieve werkstijl te hanteren alsook een wederzijds vertrouwen te ontwikkelen, hetgeen een optimale behandeling van hun dossiers bevordert.<\/p>\n<p><span style=\"color: #f5a610\">INNOVATIEVE AANPAK<\/span> \u2013 We zijn voortdurend op zoek naar innovatieve tools en systemen om de kwaliteit van onze diensten te verbeteren. Zonder het menselijke karakter uit het oog te verliezen dat we in onze relaties met onze cli\u00ebnten willen laten prevaleren, zijn we ons terdege bewust van het feit dat een doordacht gebruik van de nieuwe technologie\u00ebn de relaties met onze cli\u00ebnten en de behandeling van hun dossiers kan vergemakkelijken en verbeteren.<\/p>\n                    <\/div>\n\t\t                    <\/div>\n        <\/div>\n\t\t\t\t<\/div>\n\t\t\t\t<\/div>\n\t\t\t\t\t<\/div>\n\t\t<\/div>\n\t\t\t\t\t<\/div>\n\t\t<\/section>\n\t\t\t\t\t<\/div>\n\t\t<\/div>\n\t\t\t\t\t<\/div>\n\t\t<\/section>\n\t\t\t\t<\/div>\n\t\t","protected":false},"excerpt":{"rendered":"<p>Over Ons Wie zijn we? Onze Aanpak Onze Waarden TRIALYS \u2013 Trialys is een advocatenkantoor dat werd opgericht in 2015 en gespecialiseerd is in ondernemingsrecht. Met vestigingen te Luxemburg en te Brussel, stellen we onze vaardigheden ten dienste van onze cli\u00ebnten, bedrijven, ondernemers en\/of investeerders, zowel in Europa als in de rest van wereld dankzij [&hellip;]<\/p>\n","protected":false},"author":5,"featured_media":0,"parent":0,"menu_order":0,"comment_status":"closed","ping_status":"closed","template":"elementor_header_footer","meta":{"_acf_changed":false,"inline_featured_image":false,"_exactmetrics_skip_tracking":false,"_exactmetrics_sitenote_active":false,"_exactmetrics_sitenote_note":"","_exactmetrics_sitenote_category":0,"footnotes":""},"class_list":["post-953","page","type-page","status-publish","hentry"],"acf":[],"_links":{"self":[{"href":"https:\/\/trialys.com\/nl\/wp-json\/wp\/v2\/pages\/953","targetHints":{"allow":["GET"]}}],"collection":[{"href":"https:\/\/trialys.com\/nl\/wp-json\/wp\/v2\/pages"}],"about":[{"href":"https:\/\/trialys.com\/nl\/wp-json\/wp\/v2\/types\/page"}],"author":[{"embeddable":true,"href":"https:\/\/trialys.com\/nl\/wp-json\/wp\/v2\/users\/5"}],"replies":[{"embeddable":true,"href":"https:\/\/trialys.com\/nl\/wp-json\/wp\/v2\/comments?post=953"}],"version-history":[{"count":7,"href":"https:\/\/trialys.com\/nl\/wp-json\/wp\/v2\/pages\/953\/revisions"}],"predecessor-version":[{"id":1944,"href":"https:\/\/trialys.com\/nl\/wp-json\/wp\/v2\/pages\/953\/revisions\/1944"}],"wp:attachment":[{"href":"https:\/\/trialys.com\/nl\/wp-json\/wp\/v2\/media?parent=953"}],"curies":[{"name":"wp","href":"https:\/\/api.w.org\/{rel}","templated":true}]}}